{"id":9173,"date":"2023-02-21T11:43:59","date_gmt":"2023-02-21T10:43:59","guid":{"rendered":"https:\/\/stage.lorensbergs.se\/?page_id=9173"},"modified":"2026-02-25T17:10:27","modified_gmt":"2026-02-25T16:10:27","slug":"teams","status":"publish","type":"page","link":"https:\/\/lorensbergs.se\/sv\/teams\/","title":{"rendered":"Team"},"content":{"rendered":"\n<div class=\"wp-block-group alignfull has-white-background-color has-background is-layout-constrained wp-block-group-is-layout-constrained\">\n<div class=\"wp-block-columns cta-intro-column is-layout-flex wp-container-core-columns-is-layout-9d6595d7 wp-block-columns-is-layout-flex\">\n<div class=\"wp-block-column is-layout-flow wp-block-column-is-layout-flow\" style=\"flex-basis:66.66%\">\n<p>At the heart of all thriving organisations, there are teams making it happen. At Lorensbergs we focus on the interactions within teams to cultivate environments where collaboration and innovation can flourish.<i> Does your team have what it takes but cannot get aligned? Does your team need to work with their collective intelligence? Do they need to connect as people?<\/i> We emphasise the importance of psychological safety, effective communication, and shared leadership, ensuring that each team member can contribute their best. With our support, your teams will navigate complexity, drive meaningful change, and achieve outstanding results together.<\/p>\n<\/div>\n\n\n\n<div class=\"wp-block-column is-layout-flow wp-block-column-is-layout-flow\" style=\"flex-basis:33.33%\">\n<figure class=\"wp-block-image size-large cta-image\"><img loading=\"lazy\" decoding=\"async\" width=\"697\" height=\"1024\" src=\"https:\/\/lorensbergs.se\/wp-content\/uploads\/2023\/11\/Geese-2-697x1024.jpg\" alt=\"\" class=\"wp-image-10737\" style=\"aspect-ratio:4\/3;object-fit:cover\" srcset=\"https:\/\/lorensbergs.se\/wp-content\/uploads\/2023\/11\/Geese-2-697x1024.jpg 697w, https:\/\/lorensbergs.se\/wp-content\/uploads\/2023\/11\/Geese-2-204x300.jpg 204w, https:\/\/lorensbergs.se\/wp-content\/uploads\/2023\/11\/Geese-2-768x1129.jpg 768w, https:\/\/lorensbergs.se\/wp-content\/uploads\/2023\/11\/Geese-2-1045x1536.jpg 1045w, https:\/\/lorensbergs.se\/wp-content\/uploads\/2023\/11\/Geese-2-1394x2048.jpg 1394w, https:\/\/lorensbergs.se\/wp-content\/uploads\/2023\/11\/Geese-2-8x12.jpg 8w, https:\/\/lorensbergs.se\/wp-content\/uploads\/2023\/11\/Geese-2-scaled.jpg 1742w\" sizes=\"auto, (max-width: 697px) 100vw, 697px\" \/><\/figure>\n<\/div>\n<\/div>\n\n\n\n<h3 class=\"wp-block-heading\">Here are some of the recent questions we have been working with:<\/h3>\n\n\n\n<div class=\"wp-block-buttons question-buttons is-vertical is-content-justification-left is-layout-flex wp-container-core-buttons-is-layout-aacc3761 wp-block-buttons-is-layout-flex\">\n<div class=\"wp-block-button\"><a class=\"wp-block-button__link has-text-align-left wp-element-button\">How can our leadership team work more effectively and demonstrate that impact for the entire organisation?<\/a><\/div>\n\n\n\n<div class=\"wp-block-button\"><a class=\"wp-block-button__link has-text-align-left wp-element-button\">How can a team work collectively and get rid of the energy-wasting silos?<\/a><\/div>\n\n\n\n<div class=\"wp-block-button\"><a class=\"wp-block-button__link has-text-align-left wp-element-button\">How can my organisation democratise team development and give access to all?<\/a><\/div>\n\n\n\n<div class=\"wp-block-button\"><a class=\"wp-block-button__link has-text-align-left wp-element-button\">How can we ensure that our remote or hybrid teams maintain strong connections and work cohesively?<\/a><\/div>\n\n\n\n<div class=\"wp-block-button\"><a class=\"wp-block-button__link has-text-align-left wp-element-button\">What role does diversity and inclusion play in enhancing team performance and how can we promote it?<\/a><\/div>\n\n\n\n<div class=\"wp-block-button\"><a class=\"wp-block-button__link has-text-align-left wp-element-button\">What tools and techniques can help in resolving conflicts and building stronger team relationships?<\/a><\/div>\n<\/div>\n<\/div>\n\n\n\n<h2 class=\"wp-block-heading\">Our interactions<\/h2>\n\n\n\t<div style=\"--posts-per-row: 3;\" class=\"story grid wp-block-agoodblocks-post-grid-block\">\n\t\t<div class=\"timeline-line\"><\/div> <!-- Central timeline line -->\n\n\t\t<div class=\"post-grid-item\">\n\n\t<!-- Featured Image -->\n\t\t\t<a href=\"https:\/\/lorensbergs.se\/sv\/story\/utveckling-av-ledarskap-och-medarbetarskap-pa-sas\/\" class=\"post-thumbnail\"\n\t\t\tstyle=\"--aspect-ratio: 16\/9;\">\n\t\t\t<img loading=\"lazy\" decoding=\"async\" width=\"640\" height=\"320\" src=\"https:\/\/lorensbergs.se\/wp-content\/uploads\/2020\/09\/kelly-sikkema-ml1IgjV8OvY-unsplash-1-1024x512.png\" class=\"attachment-large size-large wp-post-image\" alt=\"\" srcset=\"https:\/\/lorensbergs.se\/wp-content\/uploads\/2020\/09\/kelly-sikkema-ml1IgjV8OvY-unsplash-1-1024x512.png 1024w, https:\/\/lorensbergs.se\/wp-content\/uploads\/2020\/09\/kelly-sikkema-ml1IgjV8OvY-unsplash-1-300x150.png 300w, https:\/\/lorensbergs.se\/wp-content\/uploads\/2020\/09\/kelly-sikkema-ml1IgjV8OvY-unsplash-1-768x384.png 768w, https:\/\/lorensbergs.se\/wp-content\/uploads\/2020\/09\/kelly-sikkema-ml1IgjV8OvY-unsplash-1-1536x768.png 1536w, https:\/\/lorensbergs.se\/wp-content\/uploads\/2020\/09\/kelly-sikkema-ml1IgjV8OvY-unsplash-1-2048x1024.png 2048w, https:\/\/lorensbergs.se\/wp-content\/uploads\/2020\/09\/kelly-sikkema-ml1IgjV8OvY-unsplash-1-18x9.png 18w\" sizes=\"auto, (max-width: 640px) 100vw, 640px\" \/>\t\t<\/a>\n\t\n\t<div class=\"post-grid-below-wrapper\">\n\t\t<!-- Post Title -->\n\t\t\t\t\t<h3 class=\"post-title\">\n\t\t\t\t<a href=\"https:\/\/lorensbergs.se\/sv\/story\/utveckling-av-ledarskap-och-medarbetarskap-pa-sas\/\">Utveckling av Ledarskap &#038; Medarbetarskap p\u00e5 S\u00c4S<\/a>\n\t\t\t<\/h3>\n\t\t\n\t\t<!-- Post Date -->\n\t\t\n\t\t<!-- Post Author -->\n\t\t\n\t\t\t\t\t<div class=\"post-excerpt\">\n\t\t\t\t\t\t\t\tS\u00c4S identifierade behovet att st\u00e4rka Ledarskapet och Medarbetarskapet i syfte att leda utveckling och f\u00f6r\u00e4ndring \u00e4nnu b\u00e4ttre och effektivare .\t\t\t<\/div>\n\t\t\t<\/div>\n\n<\/div>\t\t<div class=\"post-grid-item\">\n\n\t<!-- Featured Image -->\n\t\t\t<a href=\"https:\/\/lorensbergs.se\/sv\/story\/medarbetar-grupputveckling-hos-halmstad-energi-miljo-hem\/\" class=\"post-thumbnail\"\n\t\t\tstyle=\"--aspect-ratio: 16\/9;\">\n\t\t\t<img loading=\"lazy\" decoding=\"async\" width=\"640\" height=\"320\" src=\"https:\/\/lorensbergs.se\/wp-content\/uploads\/2020\/09\/in-action-photos_landscape_8-1024x512.png\" class=\"attachment-large size-large wp-post-image\" alt=\"\" srcset=\"https:\/\/lorensbergs.se\/wp-content\/uploads\/2020\/09\/in-action-photos_landscape_8-1024x512.png 1024w, https:\/\/lorensbergs.se\/wp-content\/uploads\/2020\/09\/in-action-photos_landscape_8-300x150.png 300w, https:\/\/lorensbergs.se\/wp-content\/uploads\/2020\/09\/in-action-photos_landscape_8-768x384.png 768w, https:\/\/lorensbergs.se\/wp-content\/uploads\/2020\/09\/in-action-photos_landscape_8-1536x768.png 1536w, https:\/\/lorensbergs.se\/wp-content\/uploads\/2020\/09\/in-action-photos_landscape_8-2048x1024.png 2048w, https:\/\/lorensbergs.se\/wp-content\/uploads\/2020\/09\/in-action-photos_landscape_8-18x9.png 18w\" sizes=\"auto, (max-width: 640px) 100vw, 640px\" \/>\t\t<\/a>\n\t\n\t<div class=\"post-grid-below-wrapper\">\n\t\t<!-- Post Title -->\n\t\t\t\t\t<h3 class=\"post-title\">\n\t\t\t\t<a href=\"https:\/\/lorensbergs.se\/sv\/story\/medarbetar-grupputveckling-hos-halmstad-energi-miljo-hem\/\">Utveckling hos Halmstad Energi &#038; Milj\u00f6<\/a>\n\t\t\t<\/h3>\n\t\t\n\t\t<!-- Post Date -->\n\t\t\n\t\t<!-- Post Author -->\n\t\t\n\t\t\t\t\t<div class=\"post-excerpt\">\n\t\t\t\t\t\t\t\tTillsammans, ledare och medarbetare, tillsammans i teamen och tillsammans avdelningar emellan, det \u00e4r s\u00e5 HEM kan m\u00f6ta kundernas behov.\t\t\t<\/div>\n\t\t\t<\/div>\n\n<\/div>\t\t\n\t\t\n\t<\/div>\n\n<script>\n\tjQuery(document).ready(function ($) {\n\t\tfunction updateTimelineLayout() {\n\t\t\tvar leftColumnTop = 0;\n\t\t\tvar rightColumnTop = 0;\n\t\t\tvar totalHeight = 0;  \/\/ To store the total height of all items\n\t\t\tvar gap = 30; \/\/ Gap between items\n\n\t\t\t$('.timeline-item').each(function () {\n\t\t\t\tvar $item = $(this);\n\t\t\t\tvar itemHeight = $item.outerHeight(true); \/\/ Get the height of the current timeline item\n\n\t\t\t\t\/\/ Add to the total height\n\t\t\t\ttotalHeight += itemHeight + gap; \/\/ Add gap to total height\n\n\t\t\t\t\/\/ Remove any previous left\/right column classes to avoid duplicates\n\t\t\t\t$item.removeClass('is-left is-right');\n\n\t\t\t\tif (leftColumnTop <= rightColumnTop) {\n\t\t\t\t\t\/\/ Position on the left column\n\t\t\t\t\t$item.css({\n\t\t\t\t\t\t'top': leftColumnTop + 'px',\n\t\t\t\t\t\t'left': '50%',\n\t\t\t\t\t}).addClass('is-right'); \/\/ Add left-column class\n\t\t\t\t\tleftColumnTop += itemHeight; \/\/ Update the top position for the next left item\n\t\t\t\t} else {\n\t\t\t\t\t\/\/ Position on the right column\n\t\t\t\t\t$item.css({\n\t\t\t\t\t\t'top': rightColumnTop + 'px',\n\t\t\t\t\t\t'left': '0',\n\t\t\t\t\t}).addClass('is-left'); \/\/ Add right-column class\n\t\t\t\t\trightColumnTop += itemHeight; \/\/ Update the top position for the next right item, adding gap\n\t\t\t\t}\n\t\t\t});\n\n\t\t\t\/\/ Set the height of the parent .timeline container\n\t\t\tvar maxHeight = Math.max(leftColumnTop, rightColumnTop); \/\/ Get the taller column height\n\t\t\t$('.timeline').css('height', maxHeight + 'px'); \/\/ Set the height of the timeline container\n\t\t\t$('.timeline').css('opacity', 1);\n\t\t}\n\n\t\t\/\/ Run the function on page load and window resize\n\t\tupdateTimelineLayout(); \/\/ Initial run\n\t\t$(window).on('resize load', function () {\n\t\t\tupdateTimelineLayout(); \/\/ Re-run on window resize\n\t\t});\n\t\t$(document).on('load', 'img[data-lazyloaded=\"1\"]', function () {\n\t\t\tupdateTimelineLayout(); \/\/ Recalculate the layout once image is loaded\n\t\t});\n\t});\n<\/script>","protected":false},"excerpt":{"rendered":"<p>At the heart of all thriving organisations, there are teams making it happen. At Lorensbergs we focus on the interactions within teams to cultivate environments where collaboration and innovation can<\/p>","protected":false},"author":9,"featured_media":10570,"parent":0,"menu_order":30,"comment_status":"closed","ping_status":"closed","template":"","meta":{"transparent_header":false,"hide_title":true,"hide_footer_padding":false,"hide_footer_1":true,"hide_footer_2":false,"hide_footer_3":false,"hide_thumbnail":false,"nav_color":false,"container_class":"","background_color":"","page_theme_color":"#368AE8","event-shortcode":"","language":"","custom_header_text":{"text":"We facilitate team results","colors":{"results":"#368AE8","team":"#368AE8"}},"footnotes":""},"categories":[],"tags":[],"class_list":["post-9173","page","type-page","status-publish","has-post-thumbnail","hentry"],"yoast_head":"<!-- This site is optimized with the Yoast SEO plugin v27.6 - https:\/\/yoast.com\/product\/yoast-seo-wordpress\/ -->\n<title>Teams - Lorensbergs<\/title>\n<meta name=\"robots\" content=\"index, follow, max-snippet:-1, max-image-preview:large, max-video-preview:-1\" \/>\n<link rel=\"canonical\" href=\"https:\/\/lorensbergs.se\/sv\/teams\/\" \/>\n<meta property=\"og:locale\" content=\"sv_SE\" \/>\n<meta property=\"og:type\" content=\"article\" \/>\n<meta property=\"og:title\" content=\"Teams - Lorensbergs\" \/>\n<meta property=\"og:description\" content=\"At the heart of all thriving organisations, there are teams making it happen. At Lorensbergs we focus on the interactions within teams to cultivate environments where collaboration and innovation can\" \/>\n<meta property=\"og:url\" content=\"https:\/\/lorensbergs.se\/sv\/teams\/\" \/>\n<meta property=\"og:site_name\" content=\"Lorensbergs\" \/>\n<meta property=\"article:modified_time\" content=\"2026-02-25T16:10:27+00:00\" \/>\n<meta property=\"og:image\" content=\"https:\/\/lorensbergs.se\/wp-content\/uploads\/2023\/11\/katarzyna-urbanek-kTP7Eyr66sQ-unsplash-scaled.jpg\" \/>\n\t<meta property=\"og:image:width\" content=\"2560\" \/>\n\t<meta property=\"og:image:height\" content=\"1706\" \/>\n\t<meta property=\"og:image:type\" content=\"image\/jpeg\" \/>\n<meta name=\"twitter:card\" content=\"summary_large_image\" \/>\n<meta name=\"twitter:label1\" content=\"Est. reading time\" \/>\n\t<meta name=\"twitter:data1\" content=\"2 minuter\" \/>\n<script type=\"application\/ld+json\" class=\"yoast-schema-graph\">{\"@context\":\"https:\\\/\\\/schema.org\",\"@graph\":[{\"@type\":\"WebPage\",\"@id\":\"https:\\\/\\\/lorensbergs.se\\\/teams\\\/\",\"url\":\"https:\\\/\\\/lorensbergs.se\\\/teams\\\/\",\"name\":\"Teams - Lorensbergs\",\"isPartOf\":{\"@id\":\"http:\\\/\\\/lorensbergs.se\\\/en\\\/#website\"},\"primaryImageOfPage\":{\"@id\":\"https:\\\/\\\/lorensbergs.se\\\/teams\\\/#primaryimage\"},\"image\":{\"@id\":\"https:\\\/\\\/lorensbergs.se\\\/teams\\\/#primaryimage\"},\"thumbnailUrl\":\"https:\\\/\\\/lorensbergs.se\\\/wp-content\\\/uploads\\\/2023\\\/11\\\/katarzyna-urbanek-kTP7Eyr66sQ-unsplash-scaled.jpg\",\"datePublished\":\"2023-02-21T10:43:59+00:00\",\"dateModified\":\"2026-02-25T16:10:27+00:00\",\"breadcrumb\":{\"@id\":\"https:\\\/\\\/lorensbergs.se\\\/teams\\\/#breadcrumb\"},\"inLanguage\":\"sv-SE\",\"potentialAction\":[{\"@type\":\"ReadAction\",\"target\":[\"https:\\\/\\\/lorensbergs.se\\\/teams\\\/\"]}]},{\"@type\":\"ImageObject\",\"inLanguage\":\"sv-SE\",\"@id\":\"https:\\\/\\\/lorensbergs.se\\\/teams\\\/#primaryimage\",\"url\":\"https:\\\/\\\/lorensbergs.se\\\/wp-content\\\/uploads\\\/2023\\\/11\\\/katarzyna-urbanek-kTP7Eyr66sQ-unsplash-scaled.jpg\",\"contentUrl\":\"https:\\\/\\\/lorensbergs.se\\\/wp-content\\\/uploads\\\/2023\\\/11\\\/katarzyna-urbanek-kTP7Eyr66sQ-unsplash-scaled.jpg\",\"width\":2560,\"height\":1706},{\"@type\":\"BreadcrumbList\",\"@id\":\"https:\\\/\\\/lorensbergs.se\\\/teams\\\/#breadcrumb\",\"itemListElement\":[{\"@type\":\"ListItem\",\"position\":1,\"name\":\"Home\",\"item\":\"https:\\\/\\\/lorensbergs.se\\\/\"},{\"@type\":\"ListItem\",\"position\":2,\"name\":\"Teams\"}]},{\"@type\":\"WebSite\",\"@id\":\"http:\\\/\\\/lorensbergs.se\\\/en\\\/#website\",\"url\":\"http:\\\/\\\/lorensbergs.se\\\/en\\\/\",\"name\":\"Lorensbergs\",\"description\":\"Facilitating impact in every interaction\",\"publisher\":{\"@id\":\"http:\\\/\\\/lorensbergs.se\\\/en\\\/#organization\"},\"potentialAction\":[{\"@type\":\"SearchAction\",\"target\":{\"@type\":\"EntryPoint\",\"urlTemplate\":\"http:\\\/\\\/lorensbergs.se\\\/en\\\/?s={search_term_string}\"},\"query-input\":{\"@type\":\"PropertyValueSpecification\",\"valueRequired\":true,\"valueName\":\"search_term_string\"}}],\"inLanguage\":\"sv-SE\"},{\"@type\":\"Organization\",\"@id\":\"http:\\\/\\\/lorensbergs.se\\\/en\\\/#organization\",\"name\":\"Lorensbergs\",\"url\":\"http:\\\/\\\/lorensbergs.se\\\/en\\\/\",\"logo\":{\"@type\":\"ImageObject\",\"inLanguage\":\"sv-SE\",\"@id\":\"http:\\\/\\\/lorensbergs.se\\\/en\\\/#\\\/schema\\\/logo\\\/image\\\/\",\"url\":\"https:\\\/\\\/lorensbergs.se\\\/wp-content\\\/uploads\\\/2019\\\/10\\\/lorensbergs_brand-manual_logo.png\",\"contentUrl\":\"https:\\\/\\\/lorensbergs.se\\\/wp-content\\\/uploads\\\/2019\\\/10\\\/lorensbergs_brand-manual_logo.png\",\"width\":591,\"height\":114,\"caption\":\"Lorensbergs\"},\"image\":{\"@id\":\"http:\\\/\\\/lorensbergs.se\\\/en\\\/#\\\/schema\\\/logo\\\/image\\\/\"}}]}<\/script>\n<!-- \/ Yoast SEO plugin. -->","yoast_head_json":{"title":"Teams - Lorensbergs","robots":{"index":"index","follow":"follow","max-snippet":"max-snippet:-1","max-image-preview":"max-image-preview:large","max-video-preview":"max-video-preview:-1"},"canonical":"https:\/\/lorensbergs.se\/sv\/teams\/","og_locale":"sv_SE","og_type":"article","og_title":"Teams - Lorensbergs","og_description":"At the heart of all thriving organisations, there are teams making it happen. At Lorensbergs we focus on the interactions within teams to cultivate environments where collaboration and innovation can","og_url":"https:\/\/lorensbergs.se\/sv\/teams\/","og_site_name":"Lorensbergs","article_modified_time":"2026-02-25T16:10:27+00:00","og_image":[{"width":2560,"height":1706,"url":"https:\/\/lorensbergs.se\/wp-content\/uploads\/2023\/11\/katarzyna-urbanek-kTP7Eyr66sQ-unsplash-scaled.jpg","type":"image\/jpeg"}],"twitter_card":"summary_large_image","twitter_misc":{"Est. reading time":"2 minuter"},"schema":{"@context":"https:\/\/schema.org","@graph":[{"@type":"WebPage","@id":"https:\/\/lorensbergs.se\/teams\/","url":"https:\/\/lorensbergs.se\/teams\/","name":"Teams - Lorensbergs","isPartOf":{"@id":"http:\/\/lorensbergs.se\/en\/#website"},"primaryImageOfPage":{"@id":"https:\/\/lorensbergs.se\/teams\/#primaryimage"},"image":{"@id":"https:\/\/lorensbergs.se\/teams\/#primaryimage"},"thumbnailUrl":"https:\/\/lorensbergs.se\/wp-content\/uploads\/2023\/11\/katarzyna-urbanek-kTP7Eyr66sQ-unsplash-scaled.jpg","datePublished":"2023-02-21T10:43:59+00:00","dateModified":"2026-02-25T16:10:27+00:00","breadcrumb":{"@id":"https:\/\/lorensbergs.se\/teams\/#breadcrumb"},"inLanguage":"sv-SE","potentialAction":[{"@type":"ReadAction","target":["https:\/\/lorensbergs.se\/teams\/"]}]},{"@type":"ImageObject","inLanguage":"sv-SE","@id":"https:\/\/lorensbergs.se\/teams\/#primaryimage","url":"https:\/\/lorensbergs.se\/wp-content\/uploads\/2023\/11\/katarzyna-urbanek-kTP7Eyr66sQ-unsplash-scaled.jpg","contentUrl":"https:\/\/lorensbergs.se\/wp-content\/uploads\/2023\/11\/katarzyna-urbanek-kTP7Eyr66sQ-unsplash-scaled.jpg","width":2560,"height":1706},{"@type":"BreadcrumbList","@id":"https:\/\/lorensbergs.se\/teams\/#breadcrumb","itemListElement":[{"@type":"ListItem","position":1,"name":"Home","item":"https:\/\/lorensbergs.se\/"},{"@type":"ListItem","position":2,"name":"Teams"}]},{"@type":"WebSite","@id":"http:\/\/lorensbergs.se\/en\/#website","url":"http:\/\/lorensbergs.se\/en\/","name":"Lorensbergs","description":"Facilitating impact in every interaction","publisher":{"@id":"http:\/\/lorensbergs.se\/en\/#organization"},"potentialAction":[{"@type":"SearchAction","target":{"@type":"EntryPoint","urlTemplate":"http:\/\/lorensbergs.se\/en\/?s={search_term_string}"},"query-input":{"@type":"PropertyValueSpecification","valueRequired":true,"valueName":"search_term_string"}}],"inLanguage":"sv-SE"},{"@type":"Organization","@id":"http:\/\/lorensbergs.se\/en\/#organization","name":"Lorensbergs","url":"http:\/\/lorensbergs.se\/en\/","logo":{"@type":"ImageObject","inLanguage":"sv-SE","@id":"http:\/\/lorensbergs.se\/en\/#\/schema\/logo\/image\/","url":"https:\/\/lorensbergs.se\/wp-content\/uploads\/2019\/10\/lorensbergs_brand-manual_logo.png","contentUrl":"https:\/\/lorensbergs.se\/wp-content\/uploads\/2019\/10\/lorensbergs_brand-manual_logo.png","width":591,"height":114,"caption":"Lorensbergs"},"image":{"@id":"http:\/\/lorensbergs.se\/en\/#\/schema\/logo\/image\/"}}]}},"_links":{"self":[{"href":"https:\/\/lorensbergs.se\/sv\/wp-json\/wp\/v2\/pages\/9173","targetHints":{"allow":["GET"]}}],"collection":[{"href":"https:\/\/lorensbergs.se\/sv\/wp-json\/wp\/v2\/pages"}],"about":[{"href":"https:\/\/lorensbergs.se\/sv\/wp-json\/wp\/v2\/types\/page"}],"author":[{"embeddable":true,"href":"https:\/\/lorensbergs.se\/sv\/wp-json\/wp\/v2\/users\/9"}],"replies":[{"embeddable":true,"href":"https:\/\/lorensbergs.se\/sv\/wp-json\/wp\/v2\/comments?post=9173"}],"version-history":[{"count":79,"href":"https:\/\/lorensbergs.se\/sv\/wp-json\/wp\/v2\/pages\/9173\/revisions"}],"predecessor-version":[{"id":15230,"href":"https:\/\/lorensbergs.se\/sv\/wp-json\/wp\/v2\/pages\/9173\/revisions\/15230"}],"wp:featuredmedia":[{"embeddable":true,"href":"https:\/\/lorensbergs.se\/sv\/wp-json\/wp\/v2\/media\/10570"}],"wp:attachment":[{"href":"https:\/\/lorensbergs.se\/sv\/wp-json\/wp\/v2\/media?parent=9173"}],"wp:term":[{"taxonomy":"category","embeddable":true,"href":"https:\/\/lorensbergs.se\/sv\/wp-json\/wp\/v2\/categories?post=9173"},{"taxonomy":"post_tag","embeddable":true,"href":"https:\/\/lorensbergs.se\/sv\/wp-json\/wp\/v2\/tags?post=9173"}],"curies":[{"name":"wp","href":"https:\/\/api.w.org\/{rel}","templated":true}]}}