{"id":9155,"date":"2023-02-21T11:27:50","date_gmt":"2023-02-21T10:27:50","guid":{"rendered":"https:\/\/stage.lorensbergs.se\/?page_id=9155"},"modified":"2026-02-25T17:09:54","modified_gmt":"2026-02-25T16:09:54","slug":"organisations","status":"publish","type":"page","link":"https:\/\/lorensbergs.se\/sv\/organisations\/","title":{"rendered":"Organisationer"},"content":{"rendered":"\n<div class=\"wp-block-group alignfull has-white-background-color has-background is-layout-constrained wp-block-group-is-layout-constrained\">\n<div class=\"wp-block-columns cta-intro-column is-layout-flex wp-container-core-columns-is-layout-9d6595d7 wp-block-columns-is-layout-flex\">\n<div class=\"wp-block-column is-layout-flow wp-block-column-is-layout-flow\" style=\"flex-basis:66.66%\">\n<p>At Lorensbergs, we get that developing organisations is a constant. It is about learning and movement and learning and movement. We navigate the complexities of organisations by focusing on impactful interactions and sustainable growth. By leveraging profound research and the technologies of the now, we put the power of facilitation to the test helping your organisation respond and thrive amidst change. This means fostering a culture of continuous learning, enhancing leadership capabilities, and driving strategic alignment. Culture and strategy by design. We partner with you to design interventions that address your unique challenges, ensuring your organisation not only evolves but excels in today\u2019s dynamic (and volatile!) environment.&nbsp;<\/p>\n<\/div>\n\n\n\n<div class=\"wp-block-column is-layout-flow wp-block-column-is-layout-flow\" style=\"flex-basis:33.33%\">\n<figure class=\"wp-block-image size-large cta-image\"><img loading=\"lazy\" decoding=\"async\" width=\"1024\" height=\"512\" src=\"https:\/\/lorensbergs.se\/wp-content\/uploads\/2025\/03\/md_jerry-v9wN8wCPLHY-unsplash-1024x512.png\" alt=\"\" class=\"wp-image-14577\" style=\"aspect-ratio:4\/3;object-fit:cover\" srcset=\"https:\/\/lorensbergs.se\/wp-content\/uploads\/2025\/03\/md_jerry-v9wN8wCPLHY-unsplash-1024x512.png 1024w, https:\/\/lorensbergs.se\/wp-content\/uploads\/2025\/03\/md_jerry-v9wN8wCPLHY-unsplash-300x150.png 300w, https:\/\/lorensbergs.se\/wp-content\/uploads\/2025\/03\/md_jerry-v9wN8wCPLHY-unsplash-768x384.png 768w, https:\/\/lorensbergs.se\/wp-content\/uploads\/2025\/03\/md_jerry-v9wN8wCPLHY-unsplash-1536x768.png 1536w, https:\/\/lorensbergs.se\/wp-content\/uploads\/2025\/03\/md_jerry-v9wN8wCPLHY-unsplash-2048x1024.png 2048w, https:\/\/lorensbergs.se\/wp-content\/uploads\/2025\/03\/md_jerry-v9wN8wCPLHY-unsplash-18x9.png 18w\" sizes=\"auto, (max-width: 1024px) 100vw, 1024px\" \/><\/figure>\n<\/div>\n<\/div>\n\n\n\n<h3 class=\"wp-block-heading\">Here are some of the recent questions we have been working with:<\/h3>\n\n\n\n<div class=\"wp-block-buttons question-buttons is-vertical is-content-justification-left is-layout-flex wp-container-core-buttons-is-layout-aacc3761 wp-block-buttons-is-layout-flex\">\n<div class=\"wp-block-button\"><a class=\"wp-block-button__link wp-element-button\">How can we engage with our values?<\/a><\/div>\n\n\n\n<div class=\"wp-block-button\"><a class=\"wp-block-button__link wp-element-button\">How can we breathe some energy into our values work?<\/a><\/div>\n\n\n\n<div class=\"wp-block-button\"><a class=\"wp-block-button__link wp-element-button\">How can we build a strategy and get buy-in from our stakeholders?<\/a><\/div>\n\n\n\n<div class=\"wp-block-button\"><a class=\"wp-block-button__link wp-element-button\">How can we cascade the toolkits and mindsets that come with the leadership of the future?<\/a><\/div>\n\n\n\n<div class=\"wp-block-button\"><a class=\"wp-block-button__link wp-element-button\">What might employee engagement results look like if we focused on raising the bar in a few areas?<\/a><\/div>\n<\/div>\n<\/div>\n\n\n\n<h2 class=\"wp-block-heading\">Our interactions<\/h2>\n\n\n\t<div style=\"--posts-per-row: 3;\" class=\"story grid wp-block-agoodblocks-post-grid-block\">\n\t\t<div class=\"timeline-line\"><\/div> <!-- Central timeline line -->\n\n\t\t<div class=\"post-grid-item\">\n\n\t<!-- Featured Image -->\n\t\t\t<a href=\"https:\/\/lorensbergs.se\/sv\/story\/scaling-leadership-camps\/\" class=\"post-thumbnail\"\n\t\t\tstyle=\"--aspect-ratio: 16\/9;\">\n\t\t\t<img loading=\"lazy\" decoding=\"async\" width=\"640\" height=\"320\" src=\"https:\/\/lorensbergs.se\/wp-content\/uploads\/2025\/03\/md_jerry-v9wN8wCPLHY-unsplash-1024x512.png\" class=\"attachment-large size-large wp-post-image\" alt=\"\" srcset=\"https:\/\/lorensbergs.se\/wp-content\/uploads\/2025\/03\/md_jerry-v9wN8wCPLHY-unsplash-1024x512.png 1024w, https:\/\/lorensbergs.se\/wp-content\/uploads\/2025\/03\/md_jerry-v9wN8wCPLHY-unsplash-300x150.png 300w, https:\/\/lorensbergs.se\/wp-content\/uploads\/2025\/03\/md_jerry-v9wN8wCPLHY-unsplash-768x384.png 768w, https:\/\/lorensbergs.se\/wp-content\/uploads\/2025\/03\/md_jerry-v9wN8wCPLHY-unsplash-1536x768.png 1536w, https:\/\/lorensbergs.se\/wp-content\/uploads\/2025\/03\/md_jerry-v9wN8wCPLHY-unsplash-2048x1024.png 2048w, https:\/\/lorensbergs.se\/wp-content\/uploads\/2025\/03\/md_jerry-v9wN8wCPLHY-unsplash-18x9.png 18w\" sizes=\"auto, (max-width: 640px) 100vw, 640px\" \/>\t\t<\/a>\n\t\n\t<div class=\"post-grid-below-wrapper\">\n\t\t<!-- Post Title -->\n\t\t\t\t\t<h3 class=\"post-title\">\n\t\t\t\t<a href=\"https:\/\/lorensbergs.se\/sv\/story\/scaling-leadership-camps\/\">Scaling Leadership Camps<\/a>\n\t\t\t<\/h3>\n\t\t\n\t\t<!-- Post Date -->\n\t\t\n\t\t<!-- Post Author -->\n\t\t\n\t\t\t\t\t<div class=\"post-excerpt\">\n\t\t\t\t\t\t\t\tWe won gold!\u00a0 To get acknowledged with your client by an esteemed network of peers for the impact you bring to an organisation is incredibily meaningful.\t\t\t<\/div>\n\t\t\t<\/div>\n\n<\/div>\t\t<div class=\"post-grid-item\">\n\n\t<!-- Featured Image -->\n\t\t\t<a href=\"https:\/\/lorensbergs.se\/sv\/story\/att-driva-forandring\/\" class=\"post-thumbnail\"\n\t\t\tstyle=\"--aspect-ratio: 16\/9;\">\n\t\t\t<img loading=\"lazy\" decoding=\"async\" width=\"640\" height=\"320\" src=\"https:\/\/lorensbergs.se\/wp-content\/uploads\/2023\/02\/kelly-sikkema-ml1IgjV8OvY-unsplash-1024x512.png\" class=\"attachment-large size-large wp-post-image\" alt=\"\" srcset=\"https:\/\/lorensbergs.se\/wp-content\/uploads\/2023\/02\/kelly-sikkema-ml1IgjV8OvY-unsplash-1024x512.png 1024w, https:\/\/lorensbergs.se\/wp-content\/uploads\/2023\/02\/kelly-sikkema-ml1IgjV8OvY-unsplash-300x150.png 300w, https:\/\/lorensbergs.se\/wp-content\/uploads\/2023\/02\/kelly-sikkema-ml1IgjV8OvY-unsplash-768x384.png 768w, https:\/\/lorensbergs.se\/wp-content\/uploads\/2023\/02\/kelly-sikkema-ml1IgjV8OvY-unsplash-1536x768.png 1536w, https:\/\/lorensbergs.se\/wp-content\/uploads\/2023\/02\/kelly-sikkema-ml1IgjV8OvY-unsplash-2048x1024.png 2048w, https:\/\/lorensbergs.se\/wp-content\/uploads\/2023\/02\/kelly-sikkema-ml1IgjV8OvY-unsplash-18x9.png 18w\" sizes=\"auto, (max-width: 640px) 100vw, 640px\" \/>\t\t<\/a>\n\t\n\t<div class=\"post-grid-below-wrapper\">\n\t\t<!-- Post Title -->\n\t\t\t\t\t<h3 class=\"post-title\">\n\t\t\t\t<a href=\"https:\/\/lorensbergs.se\/sv\/story\/att-driva-forandring\/\">Att driva f\u00f6r\u00e4ndring<\/a>\n\t\t\t<\/h3>\n\t\t\n\t\t<!-- Post Date -->\n\t\t\n\t\t<!-- Post Author -->\n\t\t\n\t\t\t\t\t<div class=\"post-excerpt\">\n\t\t\t\t\t\t\t\tRISE ville skapa f\u00f6ruts\u00e4ttningar f\u00f6r chefer och medarbetare att k\u00e4nna sig trygga under p\u00e5g\u00e5ende f\u00f6r\u00e4ndringsprocess.\t\t\t<\/div>\n\t\t\t<\/div>\n\n<\/div>\t\t<div class=\"post-grid-item\">\n\n\t<!-- Featured Image -->\n\t\t\t<a href=\"https:\/\/lorensbergs.se\/sv\/story\/transformation-at-roche-sweden\/\" class=\"post-thumbnail\"\n\t\t\tstyle=\"--aspect-ratio: 16\/9;\">\n\t\t\t<img loading=\"lazy\" decoding=\"async\" width=\"640\" height=\"320\" src=\"https:\/\/lorensbergs.se\/wp-content\/uploads\/2023\/02\/drew-hays-tGYrlchfObE-unsplash-1024x512.png\" class=\"attachment-large size-large wp-post-image\" alt=\"\" srcset=\"https:\/\/lorensbergs.se\/wp-content\/uploads\/2023\/02\/drew-hays-tGYrlchfObE-unsplash-1024x512.png 1024w, https:\/\/lorensbergs.se\/wp-content\/uploads\/2023\/02\/drew-hays-tGYrlchfObE-unsplash-300x150.png 300w, https:\/\/lorensbergs.se\/wp-content\/uploads\/2023\/02\/drew-hays-tGYrlchfObE-unsplash-768x384.png 768w, https:\/\/lorensbergs.se\/wp-content\/uploads\/2023\/02\/drew-hays-tGYrlchfObE-unsplash-1536x768.png 1536w, https:\/\/lorensbergs.se\/wp-content\/uploads\/2023\/02\/drew-hays-tGYrlchfObE-unsplash-2048x1024.png 2048w, https:\/\/lorensbergs.se\/wp-content\/uploads\/2023\/02\/drew-hays-tGYrlchfObE-unsplash-18x9.png 18w\" sizes=\"auto, (max-width: 640px) 100vw, 640px\" \/>\t\t<\/a>\n\t\n\t<div class=\"post-grid-below-wrapper\">\n\t\t<!-- Post Title -->\n\t\t\t\t\t<h3 class=\"post-title\">\n\t\t\t\t<a href=\"https:\/\/lorensbergs.se\/sv\/story\/transformation-at-roche-sweden\/\">Transformation at Roche Sweden<\/a>\n\t\t\t<\/h3>\n\t\t\n\t\t<!-- Post Date -->\n\t\t\n\t\t<!-- Post Author -->\n\t\t\n\t\t\t\t\t<div class=\"post-excerpt\">\n\t\t\t\t\t\t\t\tHow facilitation supported a shift in mindset and behaviours towards an agile way of working.\t\t\t<\/div>\n\t\t\t<\/div>\n\n<\/div>\t\t<div class=\"post-grid-item\">\n\n\t<!-- Featured Image -->\n\t\t\t<a href=\"https:\/\/lorensbergs.se\/sv\/story\/act-with-your-head-heart-and-hands\/\" class=\"post-thumbnail\"\n\t\t\tstyle=\"--aspect-ratio: 16\/9;\">\n\t\t\t<img loading=\"lazy\" decoding=\"async\" width=\"640\" height=\"320\" src=\"https:\/\/lorensbergs.se\/wp-content\/uploads\/2023\/02\/kelly-sikkema-ml1IgjV8OvY-unsplash-1-1024x512.png\" class=\"attachment-large size-large wp-post-image\" alt=\"\" srcset=\"https:\/\/lorensbergs.se\/wp-content\/uploads\/2023\/02\/kelly-sikkema-ml1IgjV8OvY-unsplash-1-1024x512.png 1024w, https:\/\/lorensbergs.se\/wp-content\/uploads\/2023\/02\/kelly-sikkema-ml1IgjV8OvY-unsplash-1-300x150.png 300w, https:\/\/lorensbergs.se\/wp-content\/uploads\/2023\/02\/kelly-sikkema-ml1IgjV8OvY-unsplash-1-768x384.png 768w, https:\/\/lorensbergs.se\/wp-content\/uploads\/2023\/02\/kelly-sikkema-ml1IgjV8OvY-unsplash-1-1536x768.png 1536w, https:\/\/lorensbergs.se\/wp-content\/uploads\/2023\/02\/kelly-sikkema-ml1IgjV8OvY-unsplash-1-2048x1024.png 2048w, https:\/\/lorensbergs.se\/wp-content\/uploads\/2023\/02\/kelly-sikkema-ml1IgjV8OvY-unsplash-1-18x9.png 18w\" sizes=\"auto, (max-width: 640px) 100vw, 640px\" \/>\t\t<\/a>\n\t\n\t<div class=\"post-grid-below-wrapper\">\n\t\t<!-- Post Title -->\n\t\t\t\t\t<h3 class=\"post-title\">\n\t\t\t\t<a href=\"https:\/\/lorensbergs.se\/sv\/story\/act-with-your-head-heart-and-hands\/\">ACT with your Head, Heart and Hands!<\/a>\n\t\t\t<\/h3>\n\t\t\n\t\t<!-- Post Date -->\n\t\t\n\t\t<!-- Post Author -->\n\t\t\n\t\t\t\t\t<div class=\"post-excerpt\">\n\t\t\t\t\t\t\t\tHow Lorensbergs and Alfa Laval won the EME&#039;s first Platinum Facilitation Impact Award.\t\t\t<\/div>\n\t\t\t<\/div>\n\n<\/div>\t\t\n\t\t\n\t<\/div>\n\n<script>\n\tjQuery(document).ready(function ($) {\n\t\tfunction updateTimelineLayout() {\n\t\t\tvar leftColumnTop = 0;\n\t\t\tvar rightColumnTop = 0;\n\t\t\tvar totalHeight = 0;  \/\/ To store the total height of all items\n\t\t\tvar gap = 30; \/\/ Gap between items\n\n\t\t\t$('.timeline-item').each(function () {\n\t\t\t\tvar $item = $(this);\n\t\t\t\tvar itemHeight = $item.outerHeight(true); \/\/ Get the height of the current timeline item\n\n\t\t\t\t\/\/ Add to the total height\n\t\t\t\ttotalHeight += itemHeight + gap; \/\/ Add gap to total height\n\n\t\t\t\t\/\/ Remove any previous left\/right column classes to avoid duplicates\n\t\t\t\t$item.removeClass('is-left is-right');\n\n\t\t\t\tif (leftColumnTop <= rightColumnTop) {\n\t\t\t\t\t\/\/ Position on the left column\n\t\t\t\t\t$item.css({\n\t\t\t\t\t\t'top': leftColumnTop + 'px',\n\t\t\t\t\t\t'left': '50%',\n\t\t\t\t\t}).addClass('is-right'); \/\/ Add left-column class\n\t\t\t\t\tleftColumnTop += itemHeight; \/\/ Update the top position for the next left item\n\t\t\t\t} else {\n\t\t\t\t\t\/\/ Position on the right column\n\t\t\t\t\t$item.css({\n\t\t\t\t\t\t'top': rightColumnTop + 'px',\n\t\t\t\t\t\t'left': '0',\n\t\t\t\t\t}).addClass('is-left'); \/\/ Add right-column class\n\t\t\t\t\trightColumnTop += itemHeight; \/\/ Update the top position for the next right item, adding gap\n\t\t\t\t}\n\t\t\t});\n\n\t\t\t\/\/ Set the height of the parent .timeline container\n\t\t\tvar maxHeight = Math.max(leftColumnTop, rightColumnTop); \/\/ Get the taller column height\n\t\t\t$('.timeline').css('height', maxHeight + 'px'); \/\/ Set the height of the timeline container\n\t\t\t$('.timeline').css('opacity', 1);\n\t\t}\n\n\t\t\/\/ Run the function on page load and window resize\n\t\tupdateTimelineLayout(); \/\/ Initial run\n\t\t$(window).on('resize load', function () {\n\t\t\tupdateTimelineLayout(); \/\/ Re-run on window resize\n\t\t});\n\t\t$(document).on('load', 'img[data-lazyloaded=\"1\"]', function () {\n\t\t\tupdateTimelineLayout(); \/\/ Recalculate the layout once image is loaded\n\t\t});\n\t});\n<\/script>\n\n\n<p>&nbsp;<\/p>\n","protected":false},"excerpt":{"rendered":"<p>At Lorensbergs, we get that developing organisations is a constant. It is about learning and movement and learning and movement. We navigate the complexities of organisations by focusing on impactful<\/p>","protected":false},"author":9,"featured_media":10303,"parent":0,"menu_order":18,"comment_status":"closed","ping_status":"closed","template":"","meta":{"transparent_header":false,"hide_title":true,"hide_footer_padding":false,"hide_footer_1":true,"hide_footer_2":false,"hide_footer_3":false,"hide_thumbnail":false,"nav_color":false,"container_class":"","background_color":"","page_theme_color":"#41A153","event-shortcode":"","language":"","custom_header_text":{"text":"We develop organisations","colors":{"organisations":"#41A153"}},"footnotes":""},"categories":[],"tags":[],"class_list":["post-9155","page","type-page","status-publish","has-post-thumbnail","hentry"],"yoast_head":"<!-- This site is optimized with the Yoast SEO plugin v27.6 - https:\/\/yoast.com\/product\/yoast-seo-wordpress\/ -->\n<title>Organisations - Lorensbergs<\/title>\n<meta name=\"robots\" content=\"index, follow, max-snippet:-1, max-image-preview:large, max-video-preview:-1\" \/>\n<link rel=\"canonical\" href=\"https:\/\/lorensbergs.se\/sv\/organisations\/\" \/>\n<meta property=\"og:locale\" content=\"sv_SE\" \/>\n<meta property=\"og:type\" content=\"article\" \/>\n<meta property=\"og:title\" content=\"Organisations - Lorensbergs\" \/>\n<meta property=\"og:description\" content=\"At Lorensbergs, we get that developing organisations is a constant. It is about learning and movement and learning and movement. We navigate the complexities of organisations by focusing on impactful\" \/>\n<meta property=\"og:url\" content=\"https:\/\/lorensbergs.se\/sv\/organisations\/\" \/>\n<meta property=\"og:site_name\" content=\"Lorensbergs\" \/>\n<meta property=\"article:modified_time\" content=\"2026-02-25T16:09:54+00:00\" \/>\n<meta property=\"og:image\" content=\"https:\/\/lorensbergs.se\/wp-content\/uploads\/2023\/05\/lbg_web_horizontal_organisations_v1.jpg\" \/>\n\t<meta property=\"og:image:width\" content=\"2160\" \/>\n\t<meta property=\"og:image:height\" content=\"1080\" \/>\n\t<meta property=\"og:image:type\" content=\"image\/jpeg\" \/>\n<meta name=\"twitter:card\" content=\"summary_large_image\" \/>\n<meta name=\"twitter:label1\" content=\"Est. reading time\" \/>\n\t<meta name=\"twitter:data1\" content=\"2 minuter\" \/>\n<script type=\"application\/ld+json\" class=\"yoast-schema-graph\">{\"@context\":\"https:\\\/\\\/schema.org\",\"@graph\":[{\"@type\":\"WebPage\",\"@id\":\"https:\\\/\\\/lorensbergs.se\\\/organisations\\\/\",\"url\":\"https:\\\/\\\/lorensbergs.se\\\/organisations\\\/\",\"name\":\"Organisations - Lorensbergs\",\"isPartOf\":{\"@id\":\"http:\\\/\\\/lorensbergs.se\\\/en\\\/#website\"},\"primaryImageOfPage\":{\"@id\":\"https:\\\/\\\/lorensbergs.se\\\/organisations\\\/#primaryimage\"},\"image\":{\"@id\":\"https:\\\/\\\/lorensbergs.se\\\/organisations\\\/#primaryimage\"},\"thumbnailUrl\":\"https:\\\/\\\/lorensbergs.se\\\/wp-content\\\/uploads\\\/2023\\\/05\\\/lbg_web_horizontal_organisations_v1.jpg\",\"datePublished\":\"2023-02-21T10:27:50+00:00\",\"dateModified\":\"2026-02-25T16:09:54+00:00\",\"breadcrumb\":{\"@id\":\"https:\\\/\\\/lorensbergs.se\\\/organisations\\\/#breadcrumb\"},\"inLanguage\":\"sv-SE\",\"potentialAction\":[{\"@type\":\"ReadAction\",\"target\":[\"https:\\\/\\\/lorensbergs.se\\\/organisations\\\/\"]}]},{\"@type\":\"ImageObject\",\"inLanguage\":\"sv-SE\",\"@id\":\"https:\\\/\\\/lorensbergs.se\\\/organisations\\\/#primaryimage\",\"url\":\"https:\\\/\\\/lorensbergs.se\\\/wp-content\\\/uploads\\\/2023\\\/05\\\/lbg_web_horizontal_organisations_v1.jpg\",\"contentUrl\":\"https:\\\/\\\/lorensbergs.se\\\/wp-content\\\/uploads\\\/2023\\\/05\\\/lbg_web_horizontal_organisations_v1.jpg\",\"width\":2160,\"height\":1080},{\"@type\":\"BreadcrumbList\",\"@id\":\"https:\\\/\\\/lorensbergs.se\\\/organisations\\\/#breadcrumb\",\"itemListElement\":[{\"@type\":\"ListItem\",\"position\":1,\"name\":\"Home\",\"item\":\"https:\\\/\\\/lorensbergs.se\\\/\"},{\"@type\":\"ListItem\",\"position\":2,\"name\":\"Organisations\"}]},{\"@type\":\"WebSite\",\"@id\":\"http:\\\/\\\/lorensbergs.se\\\/en\\\/#website\",\"url\":\"http:\\\/\\\/lorensbergs.se\\\/en\\\/\",\"name\":\"Lorensbergs\",\"description\":\"Facilitating impact in every interaction\",\"publisher\":{\"@id\":\"http:\\\/\\\/lorensbergs.se\\\/en\\\/#organization\"},\"potentialAction\":[{\"@type\":\"SearchAction\",\"target\":{\"@type\":\"EntryPoint\",\"urlTemplate\":\"http:\\\/\\\/lorensbergs.se\\\/en\\\/?s={search_term_string}\"},\"query-input\":{\"@type\":\"PropertyValueSpecification\",\"valueRequired\":true,\"valueName\":\"search_term_string\"}}],\"inLanguage\":\"sv-SE\"},{\"@type\":\"Organization\",\"@id\":\"http:\\\/\\\/lorensbergs.se\\\/en\\\/#organization\",\"name\":\"Lorensbergs\",\"url\":\"http:\\\/\\\/lorensbergs.se\\\/en\\\/\",\"logo\":{\"@type\":\"ImageObject\",\"inLanguage\":\"sv-SE\",\"@id\":\"http:\\\/\\\/lorensbergs.se\\\/en\\\/#\\\/schema\\\/logo\\\/image\\\/\",\"url\":\"https:\\\/\\\/lorensbergs.se\\\/wp-content\\\/uploads\\\/2019\\\/10\\\/lorensbergs_brand-manual_logo.png\",\"contentUrl\":\"https:\\\/\\\/lorensbergs.se\\\/wp-content\\\/uploads\\\/2019\\\/10\\\/lorensbergs_brand-manual_logo.png\",\"width\":591,\"height\":114,\"caption\":\"Lorensbergs\"},\"image\":{\"@id\":\"http:\\\/\\\/lorensbergs.se\\\/en\\\/#\\\/schema\\\/logo\\\/image\\\/\"}}]}<\/script>\n<!-- \/ Yoast SEO plugin. -->","yoast_head_json":{"title":"Organisations - Lorensbergs","robots":{"index":"index","follow":"follow","max-snippet":"max-snippet:-1","max-image-preview":"max-image-preview:large","max-video-preview":"max-video-preview:-1"},"canonical":"https:\/\/lorensbergs.se\/sv\/organisations\/","og_locale":"sv_SE","og_type":"article","og_title":"Organisations - Lorensbergs","og_description":"At Lorensbergs, we get that developing organisations is a constant. It is about learning and movement and learning and movement. We navigate the complexities of organisations by focusing on impactful","og_url":"https:\/\/lorensbergs.se\/sv\/organisations\/","og_site_name":"Lorensbergs","article_modified_time":"2026-02-25T16:09:54+00:00","og_image":[{"width":2160,"height":1080,"url":"https:\/\/lorensbergs.se\/wp-content\/uploads\/2023\/05\/lbg_web_horizontal_organisations_v1.jpg","type":"image\/jpeg"}],"twitter_card":"summary_large_image","twitter_misc":{"Est. reading time":"2 minuter"},"schema":{"@context":"https:\/\/schema.org","@graph":[{"@type":"WebPage","@id":"https:\/\/lorensbergs.se\/organisations\/","url":"https:\/\/lorensbergs.se\/organisations\/","name":"Organisations - Lorensbergs","isPartOf":{"@id":"http:\/\/lorensbergs.se\/en\/#website"},"primaryImageOfPage":{"@id":"https:\/\/lorensbergs.se\/organisations\/#primaryimage"},"image":{"@id":"https:\/\/lorensbergs.se\/organisations\/#primaryimage"},"thumbnailUrl":"https:\/\/lorensbergs.se\/wp-content\/uploads\/2023\/05\/lbg_web_horizontal_organisations_v1.jpg","datePublished":"2023-02-21T10:27:50+00:00","dateModified":"2026-02-25T16:09:54+00:00","breadcrumb":{"@id":"https:\/\/lorensbergs.se\/organisations\/#breadcrumb"},"inLanguage":"sv-SE","potentialAction":[{"@type":"ReadAction","target":["https:\/\/lorensbergs.se\/organisations\/"]}]},{"@type":"ImageObject","inLanguage":"sv-SE","@id":"https:\/\/lorensbergs.se\/organisations\/#primaryimage","url":"https:\/\/lorensbergs.se\/wp-content\/uploads\/2023\/05\/lbg_web_horizontal_organisations_v1.jpg","contentUrl":"https:\/\/lorensbergs.se\/wp-content\/uploads\/2023\/05\/lbg_web_horizontal_organisations_v1.jpg","width":2160,"height":1080},{"@type":"BreadcrumbList","@id":"https:\/\/lorensbergs.se\/organisations\/#breadcrumb","itemListElement":[{"@type":"ListItem","position":1,"name":"Home","item":"https:\/\/lorensbergs.se\/"},{"@type":"ListItem","position":2,"name":"Organisations"}]},{"@type":"WebSite","@id":"http:\/\/lorensbergs.se\/en\/#website","url":"http:\/\/lorensbergs.se\/en\/","name":"Lorensbergs","description":"Facilitating impact in every interaction","publisher":{"@id":"http:\/\/lorensbergs.se\/en\/#organization"},"potentialAction":[{"@type":"SearchAction","target":{"@type":"EntryPoint","urlTemplate":"http:\/\/lorensbergs.se\/en\/?s={search_term_string}"},"query-input":{"@type":"PropertyValueSpecification","valueRequired":true,"valueName":"search_term_string"}}],"inLanguage":"sv-SE"},{"@type":"Organization","@id":"http:\/\/lorensbergs.se\/en\/#organization","name":"Lorensbergs","url":"http:\/\/lorensbergs.se\/en\/","logo":{"@type":"ImageObject","inLanguage":"sv-SE","@id":"http:\/\/lorensbergs.se\/en\/#\/schema\/logo\/image\/","url":"https:\/\/lorensbergs.se\/wp-content\/uploads\/2019\/10\/lorensbergs_brand-manual_logo.png","contentUrl":"https:\/\/lorensbergs.se\/wp-content\/uploads\/2019\/10\/lorensbergs_brand-manual_logo.png","width":591,"height":114,"caption":"Lorensbergs"},"image":{"@id":"http:\/\/lorensbergs.se\/en\/#\/schema\/logo\/image\/"}}]}},"_links":{"self":[{"href":"https:\/\/lorensbergs.se\/sv\/wp-json\/wp\/v2\/pages\/9155","targetHints":{"allow":["GET"]}}],"collection":[{"href":"https:\/\/lorensbergs.se\/sv\/wp-json\/wp\/v2\/pages"}],"about":[{"href":"https:\/\/lorensbergs.se\/sv\/wp-json\/wp\/v2\/types\/page"}],"author":[{"embeddable":true,"href":"https:\/\/lorensbergs.se\/sv\/wp-json\/wp\/v2\/users\/9"}],"replies":[{"embeddable":true,"href":"https:\/\/lorensbergs.se\/sv\/wp-json\/wp\/v2\/comments?post=9155"}],"version-history":[{"count":77,"href":"https:\/\/lorensbergs.se\/sv\/wp-json\/wp\/v2\/pages\/9155\/revisions"}],"predecessor-version":[{"id":15365,"href":"https:\/\/lorensbergs.se\/sv\/wp-json\/wp\/v2\/pages\/9155\/revisions\/15365"}],"wp:featuredmedia":[{"embeddable":true,"href":"https:\/\/lorensbergs.se\/sv\/wp-json\/wp\/v2\/media\/10303"}],"wp:attachment":[{"href":"https:\/\/lorensbergs.se\/sv\/wp-json\/wp\/v2\/media?parent=9155"}],"wp:term":[{"taxonomy":"category","embeddable":true,"href":"https:\/\/lorensbergs.se\/sv\/wp-json\/wp\/v2\/categories?post=9155"},{"taxonomy":"post_tag","embeddable":true,"href":"https:\/\/lorensbergs.se\/sv\/wp-json\/wp\/v2\/tags?post=9155"}],"curies":[{"name":"wp","href":"https:\/\/api.w.org\/{rel}","templated":true}]}}