{"id":9043,"date":"2023-02-20T12:59:59","date_gmt":"2023-02-20T11:59:59","guid":{"rendered":"https:\/\/stage.lorensbergs.se\/?page_id=9043"},"modified":"2026-02-25T15:53:43","modified_gmt":"2026-02-25T14:53:43","slug":"our-story","status":"publish","type":"page","link":"https:\/\/lorensbergs.se\/sv\/our-story\/","title":{"rendered":"V\u00e5r Historia"},"content":{"rendered":"<div class=\"wp-block-group alignfull has-white-background-color has-background is-layout-constrained wp-block-group-is-layout-constrained\">\n<div class=\"wp-block-columns cta-intro-column is-layout-flex wp-container-core-columns-is-layout-9d6595d7 wp-block-columns-is-layout-flex\">\n<div class=\"wp-block-column is-layout-flow wp-block-column-is-layout-flow\" style=\"flex-basis:66.66%\">\n<p class=\"has-large-font-size\"><strong>P\u00e5 Lorensbergs tror vi att <mark style=\"background-color:rgba(0, 0, 0, 0)\" class=\"has-inline-color has-green-color\">varje<\/mark> interaktion \u00e4r meningsfull.<\/strong><\/p>\n\n\n\n<p>P\u00e5 Lorensbergs tror vi att varje interaktion har betydelse. I n\u00e4stan 30 \u00e5r har vi samarbetat med organisationer f\u00f6r att utforma och skapa betydelsefulla interaktioner, genom att kombinera evidensbaserad forskning med v\u00e5r expertis inom organisationsutveckling. Du kanske undrar hur vi g\u00f6r det? Med v\u00e5r banbrytande faciliteringsmetodik, s\u00e5klart! ? V\u00e5rt team best\u00e5ende av facilitatorer, konsulter och psykologer \u00e4r dedikerade till att se hela bilden... att zooma in och zooma ut, samtidigt som vi driver h\u00e5llbara aff\u00e4rsresultat. Med ursprung i Lorensbergs kvarter i G\u00f6teborg str\u00e4cker sig v\u00e5rt n\u00e4tverk \u00f6ver hela v\u00e4rlden. Vi \u00e4r stolta \u00f6ver att kunna m\u00f6ta v\u00e5ra kunder d\u00e4r de befinner sig! Utrustade med f\u00e4rgstarka pennor, post-its och n\u00e5gra g\u00f6teborgssk\u00e4mt, ser vi verkligen fram emot att interagera med dig!<\/p>\n<\/div>\n\n\n\n<div class=\"wp-block-column is-layout-flow wp-block-column-is-layout-flow\" style=\"flex-basis:33.33%\">\n<div class=\"wp-block-cover cta-image\"><span aria-hidden=\"true\" class=\"wp-block-cover__background has-background-dim-0 has-background-dim\"><\/span><img loading=\"lazy\" decoding=\"async\" width=\"1024\" height=\"1024\" class=\"wp-block-cover__image-background wp-image-9198\" alt=\"\" src=\"https:\/\/lorensbergs.se\/wp-content\/uploads\/2023\/02\/lbg_web_square_our-people_v1-1024x1024.jpg\" data-object-fit=\"cover\" srcset=\"https:\/\/lorensbergs.se\/wp-content\/uploads\/2023\/02\/lbg_web_square_our-people_v1-1024x1024.jpg 1024w, https:\/\/lorensbergs.se\/wp-content\/uploads\/2023\/02\/lbg_web_square_our-people_v1-300x300.jpg 300w, https:\/\/lorensbergs.se\/wp-content\/uploads\/2023\/02\/lbg_web_square_our-people_v1-150x150.jpg 150w, https:\/\/lorensbergs.se\/wp-content\/uploads\/2023\/02\/lbg_web_square_our-people_v1-768x768.jpg 768w, https:\/\/lorensbergs.se\/wp-content\/uploads\/2023\/02\/lbg_web_square_our-people_v1-12x12.jpg 12w, https:\/\/lorensbergs.se\/wp-content\/uploads\/2023\/02\/lbg_web_square_our-people_v1.jpg 1080w\" sizes=\"auto, (max-width: 1024px) 100vw, 1024px\" \/><div class=\"wp-block-cover__inner-container is-layout-flow wp-block-cover-is-layout-flow\">\n<h2 class=\"wp-block-heading has-text-align-center\"><a href=\"https:\/\/lorensbergs.se\/sv\/our-people\/\">M\u00f6t teamet<\/a><\/h2>\n\n\n\n<p class=\"has-text-align-center\">V\u00e5ra medarbetare, era partners<\/p>\n<\/div><\/div>\n<\/div>\n<\/div>\n\n\n\n<div class=\"wp-block-columns card-columns has-white-color has-text-color has-link-color wp-elements-c482b7556fa43b9cca8214d96cb2410a is-layout-flex wp-container-core-columns-is-layout-9d6595d7 wp-block-columns-is-layout-flex\">\n<div class=\"wp-block-column has-green-background-color has-background is-layout-flow wp-block-column-is-layout-flow\">\n<figure class=\"wp-block-image size-large\"><img loading=\"lazy\" decoding=\"async\" width=\"1024\" height=\"410\" src=\"https:\/\/lorensbergs.se\/wp-content\/uploads\/2024\/07\/profound-2-1024x410.png\" alt=\"\" class=\"wp-image-13059\" srcset=\"https:\/\/lorensbergs.se\/wp-content\/uploads\/2024\/07\/profound-2-1024x410.png 1024w, https:\/\/lorensbergs.se\/wp-content\/uploads\/2024\/07\/profound-2-300x120.png 300w, https:\/\/lorensbergs.se\/wp-content\/uploads\/2024\/07\/profound-2-768x307.png 768w, https:\/\/lorensbergs.se\/wp-content\/uploads\/2024\/07\/profound-2-18x7.png 18w, https:\/\/lorensbergs.se\/wp-content\/uploads\/2024\/07\/profound-2.png 1500w\" sizes=\"auto, (max-width: 1024px) 100vw, 1024px\" \/><\/figure>\n\n\n\n<h3 class=\"wp-block-heading\">Djupg\u00e5ende<\/h3>\n\n\n\n<p class=\"has-small-font-size\">Som experter inom organisationsutveckling samarbetar vi st\u00e4ndigt med universitet f\u00f6r att integrera den mest banbrytande evidensbaserade forskningen.<\/p>\n<\/div>\n\n\n\n<div class=\"wp-block-column has-white-color has-orange-background-color has-text-color has-background has-link-color wp-elements-14159504057820f779d3cb430929d90c is-layout-flow wp-block-column-is-layout-flow\">\n<figure class=\"wp-block-image\"><img decoding=\"async\" src=\"https:\/\/lorensbergs.se\/wp-content\/uploads\/2024\/07\/professional-1024x410.png\" alt=\"\"\/><\/figure>\n\n\n\n<h3 class=\"wp-block-heading\">Professionell<\/h3>\n\n\n\n<p class=\"has-small-font-size\">Vi \u00e4r 30 \u00e5r och har en gedigen lista av internationella varum\u00e4rken knutna till v\u00e5rt namn. Detta tack vare v\u00e5r f\u00f6rm\u00e5ga att svara an och samarbeta med v\u00e4xande f\u00f6retag. N\u00e4r ni v\u00e4xer, v\u00e4xer ocks\u00e5 vi!<\/p>\n<\/div>\n\n\n\n<div class=\"wp-block-column has-white-color has-purple-background-color has-text-color has-background has-link-color wp-elements-b7289637fb7bf14796cdf2a34e56fa0d is-layout-flow wp-block-column-is-layout-flow\">\n<figure class=\"wp-block-image\"><img decoding=\"async\" src=\"https:\/\/lorensbergs.se\/wp-content\/uploads\/2024\/07\/partnership-1024x410.png\" alt=\"\"\/><\/figure>\n\n\n\n<h3 class=\"wp-block-heading\">Partnerskap<\/h3>\n\n\n\n<p class=\"has-small-font-size\">Vi har inga ambitioner att vara er leverant\u00f6r. Vi \u00e4r era partners. Vi arbetar tillsammans f\u00f6r att bygga en meningsfull och effektfull kultur och strategi. Varje interaktion \u00e4r viktig.<\/p>\n<\/div>\n<\/div>\n<\/div>\n\n\n\n<p><\/p>","protected":false},"excerpt":{"rendered":"<p>At Lorensbergs, we believe that every interaction matters. For nearly 30 years, we have partnered with organisations to design and deliver impactful and meaningful interactions, combining evidence-based research with our<\/p>","protected":false},"author":9,"featured_media":9199,"parent":0,"menu_order":20,"comment_status":"closed","ping_status":"closed","template":"","meta":{"transparent_header":false,"hide_title":true,"hide_footer_padding":true,"hide_footer_1":false,"hide_footer_2":false,"hide_footer_3":false,"hide_thumbnail":false,"nav_color":false,"container_class":"","background_color":"","page_theme_color":"#41A153","event-shortcode":"","language":"","custom_header_text":[],"footnotes":""},"categories":[],"tags":[],"class_list":["post-9043","page","type-page","status-publish","has-post-thumbnail","hentry"],"yoast_head":"<!-- This site is optimized with the Yoast SEO plugin v27.6 - https:\/\/yoast.com\/product\/yoast-seo-wordpress\/ -->\n<title>Our story - Lorensbergs<\/title>\n<meta name=\"robots\" content=\"index, follow, max-snippet:-1, max-image-preview:large, max-video-preview:-1\" \/>\n<link rel=\"canonical\" href=\"https:\/\/lorensbergs.se\/sv\/our-story\/\" \/>\n<meta property=\"og:locale\" content=\"sv_SE\" \/>\n<meta property=\"og:type\" content=\"article\" \/>\n<meta property=\"og:title\" content=\"Our story - Lorensbergs\" \/>\n<meta property=\"og:description\" content=\"At Lorensbergs, we believe that every interaction matters. For nearly 30 years, we have partnered with organisations to design and deliver impactful and meaningful interactions, combining evidence-based research with our\" \/>\n<meta property=\"og:url\" content=\"https:\/\/lorensbergs.se\/sv\/our-story\/\" \/>\n<meta property=\"og:site_name\" content=\"Lorensbergs\" \/>\n<meta property=\"article:modified_time\" content=\"2026-02-25T14:53:43+00:00\" \/>\n<meta property=\"og:image\" content=\"https:\/\/lorensbergs.se\/wp-content\/uploads\/2023\/02\/lbg_web_horizontal_our-story_v1.jpg\" \/>\n\t<meta property=\"og:image:width\" content=\"2160\" \/>\n\t<meta property=\"og:image:height\" content=\"1080\" \/>\n\t<meta property=\"og:image:type\" content=\"image\/jpeg\" \/>\n<meta name=\"twitter:card\" content=\"summary_large_image\" \/>\n<meta name=\"twitter:label1\" content=\"Est. reading time\" \/>\n\t<meta name=\"twitter:data1\" content=\"2 minuter\" \/>\n<script type=\"application\/ld+json\" class=\"yoast-schema-graph\">{\"@context\":\"https:\\\/\\\/schema.org\",\"@graph\":[{\"@type\":\"WebPage\",\"@id\":\"https:\\\/\\\/lorensbergs.se\\\/our-story\\\/\",\"url\":\"https:\\\/\\\/lorensbergs.se\\\/our-story\\\/\",\"name\":\"Our story - Lorensbergs\",\"isPartOf\":{\"@id\":\"http:\\\/\\\/lorensbergs.se\\\/en\\\/#website\"},\"primaryImageOfPage\":{\"@id\":\"https:\\\/\\\/lorensbergs.se\\\/our-story\\\/#primaryimage\"},\"image\":{\"@id\":\"https:\\\/\\\/lorensbergs.se\\\/our-story\\\/#primaryimage\"},\"thumbnailUrl\":\"https:\\\/\\\/lorensbergs.se\\\/wp-content\\\/uploads\\\/2023\\\/02\\\/lbg_web_horizontal_our-story_v1.jpg\",\"datePublished\":\"2023-02-20T11:59:59+00:00\",\"dateModified\":\"2026-02-25T14:53:43+00:00\",\"breadcrumb\":{\"@id\":\"https:\\\/\\\/lorensbergs.se\\\/our-story\\\/#breadcrumb\"},\"inLanguage\":\"sv-SE\",\"potentialAction\":[{\"@type\":\"ReadAction\",\"target\":[\"https:\\\/\\\/lorensbergs.se\\\/our-story\\\/\"]}]},{\"@type\":\"ImageObject\",\"inLanguage\":\"sv-SE\",\"@id\":\"https:\\\/\\\/lorensbergs.se\\\/our-story\\\/#primaryimage\",\"url\":\"https:\\\/\\\/lorensbergs.se\\\/wp-content\\\/uploads\\\/2023\\\/02\\\/lbg_web_horizontal_our-story_v1.jpg\",\"contentUrl\":\"https:\\\/\\\/lorensbergs.se\\\/wp-content\\\/uploads\\\/2023\\\/02\\\/lbg_web_horizontal_our-story_v1.jpg\",\"width\":2160,\"height\":1080},{\"@type\":\"BreadcrumbList\",\"@id\":\"https:\\\/\\\/lorensbergs.se\\\/our-story\\\/#breadcrumb\",\"itemListElement\":[{\"@type\":\"ListItem\",\"position\":1,\"name\":\"Home\",\"item\":\"https:\\\/\\\/lorensbergs.se\\\/\"},{\"@type\":\"ListItem\",\"position\":2,\"name\":\"Our story\"}]},{\"@type\":\"WebSite\",\"@id\":\"http:\\\/\\\/lorensbergs.se\\\/en\\\/#website\",\"url\":\"http:\\\/\\\/lorensbergs.se\\\/en\\\/\",\"name\":\"Lorensbergs\",\"description\":\"Facilitating impact in every interaction\",\"publisher\":{\"@id\":\"http:\\\/\\\/lorensbergs.se\\\/en\\\/#organization\"},\"potentialAction\":[{\"@type\":\"SearchAction\",\"target\":{\"@type\":\"EntryPoint\",\"urlTemplate\":\"http:\\\/\\\/lorensbergs.se\\\/en\\\/?s={search_term_string}\"},\"query-input\":{\"@type\":\"PropertyValueSpecification\",\"valueRequired\":true,\"valueName\":\"search_term_string\"}}],\"inLanguage\":\"sv-SE\"},{\"@type\":\"Organization\",\"@id\":\"http:\\\/\\\/lorensbergs.se\\\/en\\\/#organization\",\"name\":\"Lorensbergs\",\"url\":\"http:\\\/\\\/lorensbergs.se\\\/en\\\/\",\"logo\":{\"@type\":\"ImageObject\",\"inLanguage\":\"sv-SE\",\"@id\":\"http:\\\/\\\/lorensbergs.se\\\/en\\\/#\\\/schema\\\/logo\\\/image\\\/\",\"url\":\"https:\\\/\\\/lorensbergs.se\\\/wp-content\\\/uploads\\\/2019\\\/10\\\/lorensbergs_brand-manual_logo.png\",\"contentUrl\":\"https:\\\/\\\/lorensbergs.se\\\/wp-content\\\/uploads\\\/2019\\\/10\\\/lorensbergs_brand-manual_logo.png\",\"width\":591,\"height\":114,\"caption\":\"Lorensbergs\"},\"image\":{\"@id\":\"http:\\\/\\\/lorensbergs.se\\\/en\\\/#\\\/schema\\\/logo\\\/image\\\/\"}}]}<\/script>\n<!-- \/ Yoast SEO plugin. -->","yoast_head_json":{"title":"Our story - Lorensbergs","robots":{"index":"index","follow":"follow","max-snippet":"max-snippet:-1","max-image-preview":"max-image-preview:large","max-video-preview":"max-video-preview:-1"},"canonical":"https:\/\/lorensbergs.se\/sv\/our-story\/","og_locale":"sv_SE","og_type":"article","og_title":"Our story - Lorensbergs","og_description":"At Lorensbergs, we believe that every interaction matters. For nearly 30 years, we have partnered with organisations to design and deliver impactful and meaningful interactions, combining evidence-based research with our","og_url":"https:\/\/lorensbergs.se\/sv\/our-story\/","og_site_name":"Lorensbergs","article_modified_time":"2026-02-25T14:53:43+00:00","og_image":[{"width":2160,"height":1080,"url":"https:\/\/lorensbergs.se\/wp-content\/uploads\/2023\/02\/lbg_web_horizontal_our-story_v1.jpg","type":"image\/jpeg"}],"twitter_card":"summary_large_image","twitter_misc":{"Est. reading time":"2 minuter"},"schema":{"@context":"https:\/\/schema.org","@graph":[{"@type":"WebPage","@id":"https:\/\/lorensbergs.se\/our-story\/","url":"https:\/\/lorensbergs.se\/our-story\/","name":"Our story - Lorensbergs","isPartOf":{"@id":"http:\/\/lorensbergs.se\/en\/#website"},"primaryImageOfPage":{"@id":"https:\/\/lorensbergs.se\/our-story\/#primaryimage"},"image":{"@id":"https:\/\/lorensbergs.se\/our-story\/#primaryimage"},"thumbnailUrl":"https:\/\/lorensbergs.se\/wp-content\/uploads\/2023\/02\/lbg_web_horizontal_our-story_v1.jpg","datePublished":"2023-02-20T11:59:59+00:00","dateModified":"2026-02-25T14:53:43+00:00","breadcrumb":{"@id":"https:\/\/lorensbergs.se\/our-story\/#breadcrumb"},"inLanguage":"sv-SE","potentialAction":[{"@type":"ReadAction","target":["https:\/\/lorensbergs.se\/our-story\/"]}]},{"@type":"ImageObject","inLanguage":"sv-SE","@id":"https:\/\/lorensbergs.se\/our-story\/#primaryimage","url":"https:\/\/lorensbergs.se\/wp-content\/uploads\/2023\/02\/lbg_web_horizontal_our-story_v1.jpg","contentUrl":"https:\/\/lorensbergs.se\/wp-content\/uploads\/2023\/02\/lbg_web_horizontal_our-story_v1.jpg","width":2160,"height":1080},{"@type":"BreadcrumbList","@id":"https:\/\/lorensbergs.se\/our-story\/#breadcrumb","itemListElement":[{"@type":"ListItem","position":1,"name":"Home","item":"https:\/\/lorensbergs.se\/"},{"@type":"ListItem","position":2,"name":"Our story"}]},{"@type":"WebSite","@id":"http:\/\/lorensbergs.se\/en\/#website","url":"http:\/\/lorensbergs.se\/en\/","name":"Lorensbergs","description":"Facilitating impact in every interaction","publisher":{"@id":"http:\/\/lorensbergs.se\/en\/#organization"},"potentialAction":[{"@type":"SearchAction","target":{"@type":"EntryPoint","urlTemplate":"http:\/\/lorensbergs.se\/en\/?s={search_term_string}"},"query-input":{"@type":"PropertyValueSpecification","valueRequired":true,"valueName":"search_term_string"}}],"inLanguage":"sv-SE"},{"@type":"Organization","@id":"http:\/\/lorensbergs.se\/en\/#organization","name":"Lorensbergs","url":"http:\/\/lorensbergs.se\/en\/","logo":{"@type":"ImageObject","inLanguage":"sv-SE","@id":"http:\/\/lorensbergs.se\/en\/#\/schema\/logo\/image\/","url":"https:\/\/lorensbergs.se\/wp-content\/uploads\/2019\/10\/lorensbergs_brand-manual_logo.png","contentUrl":"https:\/\/lorensbergs.se\/wp-content\/uploads\/2019\/10\/lorensbergs_brand-manual_logo.png","width":591,"height":114,"caption":"Lorensbergs"},"image":{"@id":"http:\/\/lorensbergs.se\/en\/#\/schema\/logo\/image\/"}}]}},"_links":{"self":[{"href":"https:\/\/lorensbergs.se\/sv\/wp-json\/wp\/v2\/pages\/9043","targetHints":{"allow":["GET"]}}],"collection":[{"href":"https:\/\/lorensbergs.se\/sv\/wp-json\/wp\/v2\/pages"}],"about":[{"href":"https:\/\/lorensbergs.se\/sv\/wp-json\/wp\/v2\/types\/page"}],"author":[{"embeddable":true,"href":"https:\/\/lorensbergs.se\/sv\/wp-json\/wp\/v2\/users\/9"}],"replies":[{"embeddable":true,"href":"https:\/\/lorensbergs.se\/sv\/wp-json\/wp\/v2\/comments?post=9043"}],"version-history":[{"count":135,"href":"https:\/\/lorensbergs.se\/sv\/wp-json\/wp\/v2\/pages\/9043\/revisions"}],"predecessor-version":[{"id":15373,"href":"https:\/\/lorensbergs.se\/sv\/wp-json\/wp\/v2\/pages\/9043\/revisions\/15373"}],"wp:featuredmedia":[{"embeddable":true,"href":"https:\/\/lorensbergs.se\/sv\/wp-json\/wp\/v2\/media\/9199"}],"wp:attachment":[{"href":"https:\/\/lorensbergs.se\/sv\/wp-json\/wp\/v2\/media?parent=9043"}],"wp:term":[{"taxonomy":"category","embeddable":true,"href":"https:\/\/lorensbergs.se\/sv\/wp-json\/wp\/v2\/categories?post=9043"},{"taxonomy":"post_tag","embeddable":true,"href":"https:\/\/lorensbergs.se\/sv\/wp-json\/wp\/v2\/tags?post=9043"}],"curies":[{"name":"wp","href":"https:\/\/api.w.org\/{rel}","templated":true}]}}