{"id":4153,"date":"2020-08-14T12:31:38","date_gmt":"2020-08-14T10:31:38","guid":{"rendered":"https:\/\/stage.lorensbergs.se\/?page_id=4153"},"modified":"2026-04-23T11:50:42","modified_gmt":"2026-04-23T09:50:42","slug":"courses","status":"publish","type":"page","link":"https:\/\/lorensbergs.se\/sv\/courses\/","title":{"rendered":"Signature Programmes"},"content":{"rendered":"\t<div style=\"--posts-per-row: 3;\" class=\"course course-grid wp-block-agoodblocks-post-grid-block\">\n\t\t<div class=\"timeline-line\"><\/div> <!-- Central timeline line -->\n\n\t\t\n<div class=\"course-grid-item\" style=\"--course-color: #41a153;\">\n\n\t\t\t<h3 class=\"course-grid-title\">\n\t\t\t<a href=\"https:\/\/lorensbergs.se\/sv\/course\/facilitation-skills-for-impact\/\">Facilitation Skills for Impact<\/a>\n\t\t<\/h3>\n\t\n\t\t\t<div class=\"course-grid-excerpt\">\n\t\t\tUnlock the power of effective facilitation with our 2-day Facilitation Skills for Impact programme! Master the art of meaningful dialogue, fostering collaboration, and driving results in any setting.\t\t<\/div>\n\t\n\t<div class=\"course-grid-pills\">\n\t\t\t\t\t<span class=\"course-pill\"><i class=\"fa fa-language\" aria-hidden=\"true\"><\/i> Svenska<\/span>\n\t\t\n\t\t\t\t\t<span class=\"course-pill\"><i class=\"fa fa-location-pin\" aria-hidden=\"true\"><\/i> G\u00f6teborg<\/span>\n\t\t\n\t\t\t\t\t<span class=\"course-pill\"><i class=\"fa fa-people-group\" aria-hidden=\"true\"><\/i> P\u00e5 plats<\/span>\n\t\t\t<\/div>\n\n\t\t\t<div class=\"course-grid-empty-state\">\n\t\t\t<h4 class=\"course-grid-empty-title\">Inga \u00f6ppna datum just nu<\/h4>\n\t\t\t<p>Det finns f\u00f6r n\u00e4rvarande inga planerade \u00f6ppna kurser. Vi skr\u00e4ddarsyr regelbundet uppl\u00e4gg f\u00f6r team och organisationer. H\u00f6r av dig s\u00e5 hj\u00e4lper vi dig att hitta r\u00e4tt format.<\/p>\n\t\t<\/div>\n\t\n\t<div class=\"course-grid-buttons\">\n\t\t<a href=\"https:\/\/lorensbergs.se\/sv\/course\/facilitation-skills-for-impact\/\" class=\"course-btn-readmore\">\n\t\t\tL\u00e4s mer\t\t<\/a>\n\t\t\t\t\t<a href=\"#request-custom-session\" class=\"course-btn-book course-btn-request\">\n\t\t\t\tSkicka f\u00f6rfr\u00e5gan\t\t\t<\/a>\n\t\t\t<\/div>\n\n<\/div>\n\n\t\t\n\t\t\n\t<\/div>\n\n<script>\n\tjQuery(document).ready(function ($) {\n\t\tfunction updateTimelineLayout() {\n\t\t\tvar leftColumnTop = 0;\n\t\t\tvar rightColumnTop = 0;\n\t\t\tvar totalHeight = 0;  \/\/ To store the total height of all items\n\t\t\tvar gap = 30; \/\/ Gap between items\n\n\t\t\t$('.timeline-item').each(function () {\n\t\t\t\tvar $item = $(this);\n\t\t\t\tvar itemHeight = $item.outerHeight(true); \/\/ Get the height of the current timeline item\n\n\t\t\t\t\/\/ Add to the total height\n\t\t\t\ttotalHeight += itemHeight + gap; \/\/ Add gap to total height\n\n\t\t\t\t\/\/ Remove any previous left\/right column classes to avoid duplicates\n\t\t\t\t$item.removeClass('is-left is-right');\n\n\t\t\t\tif (leftColumnTop <= rightColumnTop) {\n\t\t\t\t\t\/\/ Position on the left column\n\t\t\t\t\t$item.css({\n\t\t\t\t\t\t'top': leftColumnTop + 'px',\n\t\t\t\t\t\t'left': '50%',\n\t\t\t\t\t}).addClass('is-right'); \/\/ Add left-column class\n\t\t\t\t\tleftColumnTop += itemHeight; \/\/ Update the top position for the next left item\n\t\t\t\t} else {\n\t\t\t\t\t\/\/ Position on the right column\n\t\t\t\t\t$item.css({\n\t\t\t\t\t\t'top': rightColumnTop + 'px',\n\t\t\t\t\t\t'left': '0',\n\t\t\t\t\t}).addClass('is-left'); \/\/ Add right-column class\n\t\t\t\t\trightColumnTop += itemHeight; \/\/ Update the top position for the next right item, adding gap\n\t\t\t\t}\n\t\t\t});\n\n\t\t\t\/\/ Set the height of the parent .timeline container\n\t\t\tvar maxHeight = Math.max(leftColumnTop, rightColumnTop); \/\/ Get the taller column height\n\t\t\t$('.timeline').css('height', maxHeight + 'px'); \/\/ Set the height of the timeline container\n\t\t\t$('.timeline').css('opacity', 1);\n\t\t}\n\n\t\t\/\/ Run the function on page load and window resize\n\t\tupdateTimelineLayout(); \/\/ Initial run\n\t\t$(window).on('resize load', function () {\n\t\t\tupdateTimelineLayout(); \/\/ Re-run on window resize\n\t\t});\n\t\t$(document).on('load', 'img[data-lazyloaded=\"1\"]', function () {\n\t\t\tupdateTimelineLayout(); \/\/ Recalculate the layout once image is loaded\n\t\t});\n\t});\n<\/script>\n\n\n<div class=\"wp-block-group alignfull has-white-color has-black-background-color has-text-color has-background has-link-color wp-elements-d491f87b942d43ad7a809bd86c2300a6 is-layout-constrained wp-block-group-is-layout-constrained\" id=\"request-custom-session\">\n<div class=\"wp-block-columns is-layout-flex wp-container-core-columns-is-layout-9d6595d7 wp-block-columns-is-layout-flex\">\n<div class=\"wp-block-column is-vertically-aligned-center is-layout-flow wp-block-column-is-layout-flow\">\n<h2 class=\"wp-block-heading\">Let\u2019s build a custom session!<\/h2>\n\n\n\n<div style=\"height:20px\" aria-hidden=\"true\" class=\"wp-block-spacer\"><\/div>\n\n\n\n<ul class=\"wp-block-social-links has-normal-icon-size has-icon-color has-icon-background-color is-style-default is-content-justification-left is-layout-flex wp-container-core-social-links-is-layout-52b103f3 wp-block-social-links-is-layout-flex\" style=\"margin-right:0;margin-left:0\"><li style=\"color:#2C2E3FF0;background-color:#ffffff;\" class=\"wp-social-link wp-social-link-linkedin has-transparent-black-color has-white-background-color wp-block-social-link\"><a href=\"https:\/\/www.linkedin.com\/company\/lorensbergs\/\" class=\"wp-block-social-link-anchor\"><svg width=\"24\" height=\"24\" viewBox=\"0 0 24 24\" version=\"1.1\" xmlns=\"http:\/\/www.w3.org\/2000\/svg\" aria-hidden=\"true\" focusable=\"false\"><path d=\"M19.7,3H4.3C3.582,3,3,3.582,3,4.3v15.4C3,20.418,3.582,21,4.3,21h15.4c0.718,0,1.3-0.582,1.3-1.3V4.3 C21,3.582,20.418,3,19.7,3z M8.339,18.338H5.667v-8.59h2.672V18.338z M7.004,8.574c-0.857,0-1.549-0.694-1.549-1.548 c0-0.855,0.691-1.548,1.549-1.548c0.854,0,1.547,0.694,1.547,1.548C8.551,7.881,7.858,8.574,7.004,8.574z M18.339,18.338h-2.669 v-4.177c0-0.996-0.017-2.278-1.387-2.278c-1.389,0-1.601,1.086-1.601,2.206v4.249h-2.667v-8.59h2.559v1.174h0.037 c0.356-0.675,1.227-1.387,2.526-1.387c2.703,0,3.203,1.779,3.203,4.092V18.338z\"><\/path><\/svg><span class=\"wp-block-social-link-label screen-reader-text\">LinkedIn<\/span><\/a><\/li>\n\n<li style=\"color:#2C2E3FF0;background-color:#ffffff;\" class=\"wp-social-link wp-social-link-facebook has-transparent-black-color has-white-background-color wp-block-social-link\"><a href=\"https:\/\/facebook.com\/lorensbergs\" class=\"wp-block-social-link-anchor\"><svg width=\"24\" height=\"24\" viewBox=\"0 0 24 24\" version=\"1.1\" xmlns=\"http:\/\/www.w3.org\/2000\/svg\" aria-hidden=\"true\" focusable=\"false\"><path d=\"M12 2C6.5 2 2 6.5 2 12c0 5 3.7 9.1 8.4 9.9v-7H7.9V12h2.5V9.8c0-2.5 1.5-3.9 3.8-3.9 1.1 0 2.2.2 2.2.2v2.5h-1.3c-1.2 0-1.6.8-1.6 1.6V12h2.8l-.4 2.9h-2.3v7C18.3 21.1 22 17 22 12c0-5.5-4.5-10-10-10z\"><\/path><\/svg><span class=\"wp-block-social-link-label screen-reader-text\">Facebook<\/span><\/a><\/li>\n\n<li style=\"color:#2C2E3FF0;background-color:#ffffff;\" class=\"wp-social-link wp-social-link-instagram has-transparent-black-color has-white-background-color wp-block-social-link\"><a href=\"https:\/\/instagram.com\/lorensbergs\" class=\"wp-block-social-link-anchor\"><svg width=\"24\" height=\"24\" viewBox=\"0 0 24 24\" version=\"1.1\" xmlns=\"http:\/\/www.w3.org\/2000\/svg\" aria-hidden=\"true\" focusable=\"false\"><path d=\"M12,4.622c2.403,0,2.688,0.009,3.637,0.052c0.877,0.04,1.354,0.187,1.671,0.31c0.42,0.163,0.72,0.358,1.035,0.673 c0.315,0.315,0.51,0.615,0.673,1.035c0.123,0.317,0.27,0.794,0.31,1.671c0.043,0.949,0.052,1.234,0.052,3.637 s-0.009,2.688-0.052,3.637c-0.04,0.877-0.187,1.354-0.31,1.671c-0.163,0.42-0.358,0.72-0.673,1.035 c-0.315,0.315-0.615,0.51-1.035,0.673c-0.317,0.123-0.794,0.27-1.671,0.31c-0.949,0.043-1.233,0.052-3.637,0.052 s-2.688-0.009-3.637-0.052c-0.877-0.04-1.354-0.187-1.671-0.31c-0.42-0.163-0.72-0.358-1.035-0.673 c-0.315-0.315-0.51-0.615-0.673-1.035c-0.123-0.317-0.27-0.794-0.31-1.671C4.631,14.688,4.622,14.403,4.622,12 s0.009-2.688,0.052-3.637c0.04-0.877,0.187-1.354,0.31-1.671c0.163-0.42,0.358-0.72,0.673-1.035 c0.315-0.315,0.615-0.51,1.035-0.673c0.317-0.123,0.794-0.27,1.671-0.31C9.312,4.631,9.597,4.622,12,4.622 M12,3 C9.556,3,9.249,3.01,8.289,3.054C7.331,3.098,6.677,3.25,6.105,3.472C5.513,3.702,5.011,4.01,4.511,4.511 c-0.5,0.5-0.808,1.002-1.038,1.594C3.25,6.677,3.098,7.331,3.054,8.289C3.01,9.249,3,9.556,3,12c0,2.444,0.01,2.751,0.054,3.711 c0.044,0.958,0.196,1.612,0.418,2.185c0.23,0.592,0.538,1.094,1.038,1.594c0.5,0.5,1.002,0.808,1.594,1.038 c0.572,0.222,1.227,0.375,2.185,0.418C9.249,20.99,9.556,21,12,21s2.751-0.01,3.711-0.054c0.958-0.044,1.612-0.196,2.185-0.418 c0.592-0.23,1.094-0.538,1.594-1.038c0.5-0.5,0.808-1.002,1.038-1.594c0.222-0.572,0.375-1.227,0.418-2.185 C20.99,14.751,21,14.444,21,12s-0.01-2.751-0.054-3.711c-0.044-0.958-0.196-1.612-0.418-2.185c-0.23-0.592-0.538-1.094-1.038-1.594 c-0.5-0.5-1.002-0.808-1.594-1.038c-0.572-0.222-1.227-0.375-2.185-0.418C14.751,3.01,14.444,3,12,3L12,3z M12,7.378 c-2.552,0-4.622,2.069-4.622,4.622S9.448,16.622,12,16.622s4.622-2.069,4.622-4.622S14.552,7.378,12,7.378z M12,15 c-1.657,0-3-1.343-3-3s1.343-3,3-3s3,1.343,3,3S13.657,15,12,15z M16.804,6.116c-0.596,0-1.08,0.484-1.08,1.08 s0.484,1.08,1.08,1.08c0.596,0,1.08-0.484,1.08-1.08S17.401,6.116,16.804,6.116z\"><\/path><\/svg><span class=\"wp-block-social-link-label screen-reader-text\">Instagram<\/span><\/a><\/li><\/ul>\n\n\n\n<p><a href=\"mailto:info@lorensbergs.se\">info@lorensbergs.se<\/a><br><a href=\"tel:46313408009\">+46 31 340 80 09<\/a><\/p>\n\n\n<div class=\"wpforms-container wpforms-block wpforms-block-51f5892c-6b25-4cab-a9bc-29bac83c3332 wpforms-render-modern\" id=\"wpforms-15329\"><form id=\"wpforms-form-15329\" class=\"wpforms-validate wpforms-form wpforms-ajax-form\" data-formid=\"15329\" method=\"post\" enctype=\"multipart\/form-data\" action=\"\/sv\/wp-json\/wp\/v2\/pages\/4153\" data-token=\"783246965b2e32dceb4e6c4f3c9d20cc\" data-token-time=\"1778886252\"><noscript class=\"wpforms-error-noscript\">Please enable JavaScript in your browser to complete this form.<\/noscript><div id=\"wpforms-error-noscript\" style=\"display: none;\">Please enable JavaScript in your browser to complete this form.<\/div><div class=\"wpforms-field-container\"><div id=\"wpforms-15329-field_1-container\" class=\"wpforms-field wpforms-field-name\" data-field-id=\"1\"><input type=\"text\" id=\"wpforms-15329-field_1\" class=\"wpforms-field-medium wpforms-field-required\" name=\"wpforms[fields][1]\" placeholder=\"Name\" aria-errormessage=\"wpforms-15329-field_1-error\" required><\/div><div id=\"wpforms-15329-field_2-container\" class=\"wpforms-field wpforms-field-email\" data-field-id=\"2\"><input type=\"email\" id=\"wpforms-15329-field_2\" class=\"wpforms-field-medium wpforms-field-required\" name=\"wpforms[fields][2]\" placeholder=\"Email\" spellcheck=\"false\" aria-errormessage=\"wpforms-15329-field_2-error\" required><\/div><div id=\"wpforms-15329-field_8-container\" class=\"wpforms-field wpforms-field-text\" data-field-id=\"8\"><input type=\"text\" id=\"wpforms-15329-field_8\" class=\"wpforms-field-medium\" name=\"wpforms[fields][8]\" placeholder=\"Company or organisation\" aria-errormessage=\"wpforms-15329-field_8-error\" ><\/div>\t\t<div id=\"wpforms-15329-field_3-container\"\n\t\t\tclass=\"wpforms-field wpforms-field-text\"\n\t\t\tdata-field-type=\"text\"\n\t\t\tdata-field-id=\"3\"\n\t\t\t>\n\t\t\t<label class=\"wpforms-field-label\" for=\"wpforms-15329-field_3\" ><\/label>\n\t\t\t<input type=\"text\" id=\"wpforms-15329-field_3\" class=\"wpforms-field-medium\" name=\"wpforms[fields][3]\" >\n\t\t<\/div>\n\t\t<div id=\"wpforms-15329-field_11-container\" class=\"wpforms-field wpforms-field-select wpforms-field-select-style-classic\" data-field-id=\"11\"><select id=\"wpforms-15329-field_11\" class=\"wpforms-field-medium\" name=\"wpforms[fields][11]\"><option value=\"\" class=\"placeholder\" disabled  selected='selected'>Subject<\/option><option value=\"Facilitation\"  class=\"choice-1 depth-1\"  >Facilitation<\/option><option value=\"Difficult conversations\"  class=\"choice-3 depth-1\"  >Difficult conversations<\/option><option value=\"Coaching for performance\"  class=\"choice-2 depth-1\"  >Coaching for performance<\/option><option value=\"Learning Facilitation\"  class=\"choice-4 depth-1\"  >Learning Facilitation<\/option><option value=\"Presenting with Presence and punch\"  class=\"choice-5 depth-1\"  >Presenting with Presence and punch<\/option><\/select><\/div><div id=\"wpforms-15329-field_6-container\" class=\"wpforms-field wpforms-field-textarea\" data-field-id=\"6\"><textarea id=\"wpforms-15329-field_6\" class=\"wpforms-field-medium wpforms-field-required\" name=\"wpforms[fields][6]\" placeholder=\"Message\" aria-errormessage=\"wpforms-15329-field_6-error\" required><\/textarea><\/div><script>\n\t\t\t\t( function() {\n\t\t\t\t\tconst style = document.createElement( 'style' );\n\t\t\t\t\tstyle.appendChild( document.createTextNode( '#wpforms-15329-field_3-container { position: absolute !important; overflow: hidden !important; display: inline !important; height: 1px !important; width: 1px !important; z-index: -1000 !important; padding: 0 !important; } #wpforms-15329-field_3-container input { visibility: hidden; } #wpforms-conversational-form-page #wpforms-15329-field_3-container label { counter-increment: none; }' ) );\n\t\t\t\t\tdocument.head.appendChild( style );\n\t\t\t\t\tdocument.currentScript?.remove();\n\t\t\t\t} )();\n\t\t\t<\/script><\/div><!-- .wpforms-field-container --><div class=\"wpforms-submit-container\" ><input type=\"hidden\" name=\"wpforms[id]\" value=\"15329\"><input type=\"hidden\" name=\"page_title\" value=\"\"><input type=\"hidden\" name=\"page_url\" value=\"https:\/\/lorensbergs.se\/sv\/wp-json\/wp\/v2\/pages\/4153\"><input type=\"hidden\" name=\"url_referer\" value=\"\"><button type=\"submit\" name=\"wpforms[submit]\" id=\"wpforms-submit-15329\" class=\"wpforms-submit\" data-alt-text=\"Sending\u2026\" data-submit-text=\"Send\" aria-live=\"assertive\" value=\"wpforms-submit\">Send<\/button><img loading=\"lazy\" decoding=\"async\" src=\"https:\/\/lorensbergs.se\/wp-content\/plugins\/wpforms\/assets\/images\/submit-spin.svg\" class=\"wpforms-submit-spinner\" style=\"display: none;\" width=\"26\" height=\"26\" alt=\"Loading\"><\/div><\/form><\/div>  <!-- .wpforms-container --><\/div>\n\n\n\n<div class=\"wp-block-column is-vertically-aligned-center is-layout-flow wp-block-column-is-layout-flow\">\n<div class=\"globe-container\">\n<script src=\"https:\/\/unpkg.com\/@dotlottie\/player-component@2.7.12\/dist\/dotlottie-player.mjs\" type=\"module\"><\/script>\n<dotlottie-player src=\"https:\/\/lottie.host\/2b18b5ea-7d45-426e-86ec-deb9e2eccb3c\/hAyDV7K0cM.json\" background=\"transparent\" speed=\"1\" style=\"width: 100%; height: 100%\" loop=\"\" autoplay=\"\"><\/dotlottie-player>\n<\/div>\n<\/div>\n<\/div>\n<\/div>\n","protected":false},"excerpt":{"rendered":"<p>Let\u2019s build a custom session! info@lorensbergs.se+46 31 340 80 09<\/p>","protected":false},"author":9,"featured_media":9636,"parent":0,"menu_order":26,"comment_status":"closed","ping_status":"closed","template":"","meta":{"transparent_header":false,"hide_title":true,"hide_footer_padding":true,"hide_footer_1":true,"hide_footer_2":true,"hide_footer_3":false,"hide_thumbnail":false,"nav_color":false,"container_class":"max-w-lg","background_color":"","page_theme_color":"","event-shortcode":"","language":"","custom_header_text":{"text":"Our signature programmes"},"footnotes":""},"categories":[],"tags":[],"class_list":["post-4153","page","type-page","status-publish","has-post-thumbnail","hentry"],"yoast_head":"<!-- This site is optimized with the Yoast SEO plugin v27.6 - https:\/\/yoast.com\/product\/yoast-seo-wordpress\/ -->\n<title>Signature Programmes - Lorensbergs<\/title>\n<meta name=\"robots\" content=\"index, follow, max-snippet:-1, max-image-preview:large, max-video-preview:-1\" \/>\n<link rel=\"canonical\" href=\"https:\/\/lorensbergs.se\/sv\/courses\/\" \/>\n<meta property=\"og:locale\" content=\"sv_SE\" \/>\n<meta property=\"og:type\" content=\"article\" \/>\n<meta property=\"og:title\" content=\"Signature Programmes - Lorensbergs\" \/>\n<meta property=\"og:description\" content=\"Let\u2019s build a custom session! info@lorensbergs.se+46 31 340 80 09\" \/>\n<meta property=\"og:url\" content=\"https:\/\/lorensbergs.se\/sv\/courses\/\" \/>\n<meta property=\"og:site_name\" content=\"Lorensbergs\" \/>\n<meta property=\"article:modified_time\" content=\"2026-04-23T09:50:42+00:00\" \/>\n<meta property=\"og:image\" content=\"https:\/\/lorensbergs.se\/wp-content\/uploads\/2023\/02\/kelly-sikkema-ml1IgjV8OvY-unsplash-1024x512.png\" \/>\n\t<meta property=\"og:image:width\" content=\"1024\" \/>\n\t<meta property=\"og:image:height\" content=\"512\" \/>\n\t<meta property=\"og:image:type\" content=\"image\/png\" \/>\n<meta name=\"twitter:card\" content=\"summary_large_image\" \/>\n<meta name=\"twitter:label1\" content=\"Est. reading time\" \/>\n\t<meta name=\"twitter:data1\" content=\"1 minut\" \/>\n<script type=\"application\/ld+json\" class=\"yoast-schema-graph\">{\"@context\":\"https:\\\/\\\/schema.org\",\"@graph\":[{\"@type\":\"WebPage\",\"@id\":\"https:\\\/\\\/lorensbergs.se\\\/courses\\\/\",\"url\":\"https:\\\/\\\/lorensbergs.se\\\/courses\\\/\",\"name\":\"Signature Programmes - Lorensbergs\",\"isPartOf\":{\"@id\":\"http:\\\/\\\/lorensbergs.se\\\/en\\\/#website\"},\"primaryImageOfPage\":{\"@id\":\"https:\\\/\\\/lorensbergs.se\\\/courses\\\/#primaryimage\"},\"image\":{\"@id\":\"https:\\\/\\\/lorensbergs.se\\\/courses\\\/#primaryimage\"},\"thumbnailUrl\":\"https:\\\/\\\/lorensbergs.se\\\/wp-content\\\/uploads\\\/2023\\\/02\\\/kelly-sikkema-ml1IgjV8OvY-unsplash.png\",\"datePublished\":\"2020-08-14T10:31:38+00:00\",\"dateModified\":\"2026-04-23T09:50:42+00:00\",\"breadcrumb\":{\"@id\":\"https:\\\/\\\/lorensbergs.se\\\/courses\\\/#breadcrumb\"},\"inLanguage\":\"sv-SE\",\"potentialAction\":[{\"@type\":\"ReadAction\",\"target\":[\"https:\\\/\\\/lorensbergs.se\\\/courses\\\/\"]}]},{\"@type\":\"ImageObject\",\"inLanguage\":\"sv-SE\",\"@id\":\"https:\\\/\\\/lorensbergs.se\\\/courses\\\/#primaryimage\",\"url\":\"https:\\\/\\\/lorensbergs.se\\\/wp-content\\\/uploads\\\/2023\\\/02\\\/kelly-sikkema-ml1IgjV8OvY-unsplash.png\",\"contentUrl\":\"https:\\\/\\\/lorensbergs.se\\\/wp-content\\\/uploads\\\/2023\\\/02\\\/kelly-sikkema-ml1IgjV8OvY-unsplash.png\",\"width\":2160,\"height\":1080},{\"@type\":\"BreadcrumbList\",\"@id\":\"https:\\\/\\\/lorensbergs.se\\\/courses\\\/#breadcrumb\",\"itemListElement\":[{\"@type\":\"ListItem\",\"position\":1,\"name\":\"Home\",\"item\":\"https:\\\/\\\/lorensbergs.se\\\/\"},{\"@type\":\"ListItem\",\"position\":2,\"name\":\"Signature Programmes\"}]},{\"@type\":\"WebSite\",\"@id\":\"http:\\\/\\\/lorensbergs.se\\\/en\\\/#website\",\"url\":\"http:\\\/\\\/lorensbergs.se\\\/en\\\/\",\"name\":\"Lorensbergs\",\"description\":\"Facilitating impact in every interaction\",\"publisher\":{\"@id\":\"http:\\\/\\\/lorensbergs.se\\\/en\\\/#organization\"},\"potentialAction\":[{\"@type\":\"SearchAction\",\"target\":{\"@type\":\"EntryPoint\",\"urlTemplate\":\"http:\\\/\\\/lorensbergs.se\\\/en\\\/?s={search_term_string}\"},\"query-input\":{\"@type\":\"PropertyValueSpecification\",\"valueRequired\":true,\"valueName\":\"search_term_string\"}}],\"inLanguage\":\"sv-SE\"},{\"@type\":\"Organization\",\"@id\":\"http:\\\/\\\/lorensbergs.se\\\/en\\\/#organization\",\"name\":\"Lorensbergs\",\"url\":\"http:\\\/\\\/lorensbergs.se\\\/en\\\/\",\"logo\":{\"@type\":\"ImageObject\",\"inLanguage\":\"sv-SE\",\"@id\":\"http:\\\/\\\/lorensbergs.se\\\/en\\\/#\\\/schema\\\/logo\\\/image\\\/\",\"url\":\"https:\\\/\\\/lorensbergs.se\\\/wp-content\\\/uploads\\\/2019\\\/10\\\/lorensbergs_brand-manual_logo.png\",\"contentUrl\":\"https:\\\/\\\/lorensbergs.se\\\/wp-content\\\/uploads\\\/2019\\\/10\\\/lorensbergs_brand-manual_logo.png\",\"width\":591,\"height\":114,\"caption\":\"Lorensbergs\"},\"image\":{\"@id\":\"http:\\\/\\\/lorensbergs.se\\\/en\\\/#\\\/schema\\\/logo\\\/image\\\/\"}}]}<\/script>\n<!-- \/ Yoast SEO plugin. -->","yoast_head_json":{"title":"Signature Programmes - Lorensbergs","robots":{"index":"index","follow":"follow","max-snippet":"max-snippet:-1","max-image-preview":"max-image-preview:large","max-video-preview":"max-video-preview:-1"},"canonical":"https:\/\/lorensbergs.se\/sv\/courses\/","og_locale":"sv_SE","og_type":"article","og_title":"Signature Programmes - Lorensbergs","og_description":"Let\u2019s build a custom session! info@lorensbergs.se+46 31 340 80 09","og_url":"https:\/\/lorensbergs.se\/sv\/courses\/","og_site_name":"Lorensbergs","article_modified_time":"2026-04-23T09:50:42+00:00","og_image":[{"width":1024,"height":512,"url":"https:\/\/lorensbergs.se\/wp-content\/uploads\/2023\/02\/kelly-sikkema-ml1IgjV8OvY-unsplash-1024x512.png","type":"image\/png"}],"twitter_card":"summary_large_image","twitter_misc":{"Est. reading time":"1 minut"},"schema":{"@context":"https:\/\/schema.org","@graph":[{"@type":"WebPage","@id":"https:\/\/lorensbergs.se\/courses\/","url":"https:\/\/lorensbergs.se\/courses\/","name":"Signature Programmes - Lorensbergs","isPartOf":{"@id":"http:\/\/lorensbergs.se\/en\/#website"},"primaryImageOfPage":{"@id":"https:\/\/lorensbergs.se\/courses\/#primaryimage"},"image":{"@id":"https:\/\/lorensbergs.se\/courses\/#primaryimage"},"thumbnailUrl":"https:\/\/lorensbergs.se\/wp-content\/uploads\/2023\/02\/kelly-sikkema-ml1IgjV8OvY-unsplash.png","datePublished":"2020-08-14T10:31:38+00:00","dateModified":"2026-04-23T09:50:42+00:00","breadcrumb":{"@id":"https:\/\/lorensbergs.se\/courses\/#breadcrumb"},"inLanguage":"sv-SE","potentialAction":[{"@type":"ReadAction","target":["https:\/\/lorensbergs.se\/courses\/"]}]},{"@type":"ImageObject","inLanguage":"sv-SE","@id":"https:\/\/lorensbergs.se\/courses\/#primaryimage","url":"https:\/\/lorensbergs.se\/wp-content\/uploads\/2023\/02\/kelly-sikkema-ml1IgjV8OvY-unsplash.png","contentUrl":"https:\/\/lorensbergs.se\/wp-content\/uploads\/2023\/02\/kelly-sikkema-ml1IgjV8OvY-unsplash.png","width":2160,"height":1080},{"@type":"BreadcrumbList","@id":"https:\/\/lorensbergs.se\/courses\/#breadcrumb","itemListElement":[{"@type":"ListItem","position":1,"name":"Home","item":"https:\/\/lorensbergs.se\/"},{"@type":"ListItem","position":2,"name":"Signature Programmes"}]},{"@type":"WebSite","@id":"http:\/\/lorensbergs.se\/en\/#website","url":"http:\/\/lorensbergs.se\/en\/","name":"Lorensbergs","description":"Facilitating impact in every interaction","publisher":{"@id":"http:\/\/lorensbergs.se\/en\/#organization"},"potentialAction":[{"@type":"SearchAction","target":{"@type":"EntryPoint","urlTemplate":"http:\/\/lorensbergs.se\/en\/?s={search_term_string}"},"query-input":{"@type":"PropertyValueSpecification","valueRequired":true,"valueName":"search_term_string"}}],"inLanguage":"sv-SE"},{"@type":"Organization","@id":"http:\/\/lorensbergs.se\/en\/#organization","name":"Lorensbergs","url":"http:\/\/lorensbergs.se\/en\/","logo":{"@type":"ImageObject","inLanguage":"sv-SE","@id":"http:\/\/lorensbergs.se\/en\/#\/schema\/logo\/image\/","url":"https:\/\/lorensbergs.se\/wp-content\/uploads\/2019\/10\/lorensbergs_brand-manual_logo.png","contentUrl":"https:\/\/lorensbergs.se\/wp-content\/uploads\/2019\/10\/lorensbergs_brand-manual_logo.png","width":591,"height":114,"caption":"Lorensbergs"},"image":{"@id":"http:\/\/lorensbergs.se\/en\/#\/schema\/logo\/image\/"}}]}},"_links":{"self":[{"href":"https:\/\/lorensbergs.se\/sv\/wp-json\/wp\/v2\/pages\/4153","targetHints":{"allow":["GET"]}}],"collection":[{"href":"https:\/\/lorensbergs.se\/sv\/wp-json\/wp\/v2\/pages"}],"about":[{"href":"https:\/\/lorensbergs.se\/sv\/wp-json\/wp\/v2\/types\/page"}],"author":[{"embeddable":true,"href":"https:\/\/lorensbergs.se\/sv\/wp-json\/wp\/v2\/users\/9"}],"replies":[{"embeddable":true,"href":"https:\/\/lorensbergs.se\/sv\/wp-json\/wp\/v2\/comments?post=4153"}],"version-history":[{"count":1920,"href":"https:\/\/lorensbergs.se\/sv\/wp-json\/wp\/v2\/pages\/4153\/revisions"}],"predecessor-version":[{"id":15468,"href":"https:\/\/lorensbergs.se\/sv\/wp-json\/wp\/v2\/pages\/4153\/revisions\/15468"}],"wp:featuredmedia":[{"embeddable":true,"href":"https:\/\/lorensbergs.se\/sv\/wp-json\/wp\/v2\/media\/9636"}],"wp:attachment":[{"href":"https:\/\/lorensbergs.se\/sv\/wp-json\/wp\/v2\/media?parent=4153"}],"wp:term":[{"taxonomy":"category","embeddable":true,"href":"https:\/\/lorensbergs.se\/sv\/wp-json\/wp\/v2\/categories?post=4153"},{"taxonomy":"post_tag","embeddable":true,"href":"https:\/\/lorensbergs.se\/sv\/wp-json\/wp\/v2\/tags?post=4153"}],"curies":[{"name":"wp","href":"https:\/\/api.w.org\/{rel}","templated":true}]}}