{"id":10365,"date":"2023-08-16T16:19:20","date_gmt":"2023-08-16T14:19:20","guid":{"rendered":"https:\/\/stage.lorensbergs.se\/?page_id=10365"},"modified":"2026-05-06T16:49:03","modified_gmt":"2026-05-06T14:49:03","slug":"sustainability","status":"publish","type":"page","link":"https:\/\/lorensbergs.se\/sv\/sustainability\/","title":{"rendered":"H\u00e5llbarhet"},"content":{"rendered":"<div class=\"wp-block-group alignfull has-white-background-color has-background is-layout-constrained wp-block-group-is-layout-constrained\">\n<div class=\"wp-block-columns cta-intro-column is-layout-flex wp-container-core-columns-is-layout-9d6595d7 wp-block-columns-is-layout-flex\">\n<div class=\"wp-block-column is-layout-flow wp-block-column-is-layout-flow\" style=\"flex-basis:66.66%\">\n<p class=\"has-large-font-size\"><strong>V\u00e5rt \u00e5tagande f\u00f6r h\u00e5llbarhet<\/strong><\/p>\n\n\n\n<p>P\u00e5 Lorensbergs vill vi bidra till v\u00e5r planet genom att aktivt arbeta f\u00f6r h\u00e5llbarhet. V\u00e5rt m\u00e5l \u00e4r att bygga en h\u00e5llbar struktur och grund, oavsett om vi utvecklar v\u00e5r egen organisation eller v\u00e5ra kunders organisationer.&nbsp;<\/p>\n\n\n\n<p>For us, a sustainable foundation includes focusing on the three P\u2019s \u2013 Planet, People and Profit. We want to protect the environment, run an ethical business, support our communities, and cultivate the best from our teams and clients.<\/p>\n\n\n\n<p>V\u00e5r vision \u00e4r att vara den mest eftertraktade globala samarbetspartnern inom facilitering. Vi tror p\u00e5 att varje interaktion \u00e4r betydelsfull och att vi, genom att facilitera  samtal och dialoger som integrerar h\u00e5llbarhetsprinciper och metoder, kan bidra till en h\u00e5llbar framtid.<\/p>\n<\/div>\n\n\n\n<div class=\"wp-block-column is-layout-flow wp-block-column-is-layout-flow\" style=\"flex-basis:33.33%\">\n<div class=\"wp-block-cover cta-image\"><span aria-hidden=\"true\" class=\"wp-block-cover__background has-background-dim-0 has-background-dim\"><\/span><img loading=\"lazy\" decoding=\"async\" width=\"1080\" height=\"1080\" class=\"wp-block-cover__image-background wp-image-8984\" alt=\"Facilitation that creates real change\" src=\"https:\/\/lorensbergs.se\/wp-content\/uploads\/2023\/02\/lbg_web_square_our-story_v2.jpg\" data-object-fit=\"cover\" srcset=\"https:\/\/lorensbergs.se\/wp-content\/uploads\/2023\/02\/lbg_web_square_our-story_v2.jpg 1080w, https:\/\/lorensbergs.se\/wp-content\/uploads\/2023\/02\/lbg_web_square_our-story_v2-300x300.jpg 300w, https:\/\/lorensbergs.se\/wp-content\/uploads\/2023\/02\/lbg_web_square_our-story_v2-1024x1024.jpg 1024w, https:\/\/lorensbergs.se\/wp-content\/uploads\/2023\/02\/lbg_web_square_our-story_v2-150x150.jpg 150w, https:\/\/lorensbergs.se\/wp-content\/uploads\/2023\/02\/lbg_web_square_our-story_v2-768x768.jpg 768w, https:\/\/lorensbergs.se\/wp-content\/uploads\/2023\/02\/lbg_web_square_our-story_v2-12x12.jpg 12w\" sizes=\"auto, (max-width: 1080px) 100vw, 1080px\" \/><div class=\"wp-block-cover__inner-container is-layout-flow wp-block-cover-is-layout-flow\">\n<h2 class=\"wp-block-heading has-text-align-center\"><a href=\"https:\/\/lorensbergs.se\/sv\/our-people\/\">V\u00e5r Historia<\/a><\/h2>\n\n\n\n<p class=\"has-text-align-center\">Varje interaktion \u00e4r meningsfull<\/p>\n<\/div><\/div>\n<\/div>\n<\/div>\n<\/div>\n\n\n\n<h2 class=\"wp-block-heading\">Here are our Key Goals<\/h2>\n\n\n\n<div class=\"wp-block-columns card-grid is-layout-flex wp-container-core-columns-is-layout-9d6595d7 wp-block-columns-is-layout-flex\">\n<div class=\"wp-block-column is-layout-flow wp-block-column-is-layout-flow\">\n<h3 class=\"wp-block-heading has-blue-color has-text-color has-link-color wp-elements-c37966b5dc728f461d8dc7865fcedc7c\">Aktiv kunddialog<\/h3>\n\n\n\n<p>Vi arbetar aktivt med att engagera v\u00e5ra kunder i samtal om deras h\u00e5llbarhetsm\u00e5l, och vi utforskar tillsammans hur vi kan minska klimatp\u00e5verkan vid v\u00e5ra leveranser. Vi str\u00e4var efter att \u00f6ka b\u00e5de frekvensen och djupet i dessa dialoger.&nbsp;&nbsp;<\/p>\n<\/div>\n\n\n\n<div class=\"wp-block-column is-layout-flow wp-block-column-is-layout-flow\">\n<h3 class=\"wp-block-heading has-purple-color has-text-color has-link-color wp-elements-ae1b1a5cf57e2cf9abd74c48c6503d06\">H\u00e5llbara resor<\/h3>\n\n\n\n<p>Vi fr\u00e4mjar h\u00e5llbara arbetss\u00e4tt i v\u00e5r verksamhet, d\u00e4ribland att minska klimatp\u00e5verkan kopplad till resor genom att i h\u00f6gre grad samarbeta med lokala partners.&nbsp;<\/p>\n<\/div>\n<\/div>\n\n\n\n<div class=\"wp-block-columns card-grid is-layout-flex wp-container-core-columns-is-layout-9d6595d7 wp-block-columns-is-layout-flex\">\n<div class=\"wp-block-column is-layout-flow wp-block-column-is-layout-flow\">\n<h3 class=\"wp-block-heading has-pink-color has-text-color has-link-color wp-elements-0756131b843b06813e5f4b8f3358da25\">H\u00e4lsosam arbetsmilj\u00f6<\/h3>\n\n\n\n<p>Vi str\u00e4var efter att erbjuda en h\u00e4lsosam och inkluderande arbetsplats f\u00f6r v\u00e5rt team. V\u00e5ra medarbetares v\u00e4lm\u00e5ende \u00e4r viktigt f\u00f6r oss, och vi arbetar kontinuerligt med att st\u00e4rka v\u00e5r organisatoriska och sociala h\u00e4lsa.&nbsp; &nbsp;<\/p>\n<\/div>\n\n\n\n<div class=\"wp-block-column is-layout-flow wp-block-column-is-layout-flow\">\n<h3 class=\"wp-block-heading has-green-color has-text-color has-link-color wp-elements-cf2bb8cad98159f42c7406b7163fb03c\">Kvalitet och ansvar<\/h3>\n\n\n\n<p>Vi \u00e4r dedikerade att leverera l\u00f6sningar med h\u00f6g kvalitet, samtidigt som vi minimerar finansiella, aff\u00e4rsm\u00e4ssiga och etiska risker. V\u00e5rt arbete pr\u00e4glas av st\u00e4ndiga f\u00f6rb\u00e4ttringar av v\u00e5ra leveransprocesser \u2013 med fokus p\u00e5 b\u00e5de kvalitet och h\u00e5llbarhet.&nbsp;<\/p>\n<\/div>\n<\/div>","protected":false},"excerpt":{"rendered":"<p>Our Commitment to Sustainability At Lorensbergs we want to work towards creating a better planet. Our objective is to build a sustainable frame and foundation whether we are developing our<\/p>","protected":false},"author":9,"featured_media":10380,"parent":0,"menu_order":29,"comment_status":"closed","ping_status":"closed","template":"","meta":{"transparent_header":false,"hide_title":true,"hide_footer_padding":false,"hide_footer_1":false,"hide_footer_2":false,"hide_footer_3":false,"hide_thumbnail":true,"nav_color":false,"container_class":"max-w-lg","background_color":"","page_theme_color":"#41A153","event-shortcode":"","language":"","custom_header_text":{"text":"Our promise to the planet","colors":{"planet":"#41A153","the":"#41A153"}},"footnotes":""},"categories":[],"tags":[],"class_list":["post-10365","page","type-page","status-publish","has-post-thumbnail","hentry"],"yoast_head":"<!-- This site is optimized with the Yoast SEO plugin v27.6 - https:\/\/yoast.com\/product\/yoast-seo-wordpress\/ -->\n<title>Sustainability - Lorensbergs<\/title>\n<meta name=\"robots\" content=\"index, follow, max-snippet:-1, max-image-preview:large, max-video-preview:-1\" \/>\n<link rel=\"canonical\" href=\"https:\/\/lorensbergs.se\/sv\/sustainability\/\" \/>\n<meta property=\"og:locale\" content=\"sv_SE\" \/>\n<meta property=\"og:type\" content=\"article\" \/>\n<meta property=\"og:title\" content=\"Sustainability - Lorensbergs\" \/>\n<meta property=\"og:description\" content=\"Our Commitment to Sustainability At Lorensbergs we want to work towards creating a better planet. Our objective is to build a sustainable frame and foundation whether we are developing our\" \/>\n<meta property=\"og:url\" content=\"https:\/\/lorensbergs.se\/sv\/sustainability\/\" \/>\n<meta property=\"og:site_name\" content=\"Lorensbergs\" \/>\n<meta property=\"article:modified_time\" content=\"2026-05-06T14:49:03+00:00\" \/>\n<meta property=\"og:image\" content=\"https:\/\/lorensbergs.se\/wp-content\/uploads\/2023\/08\/lbg_web_horizontal_sustainability_v1.jpg\" \/>\n\t<meta property=\"og:image:width\" content=\"2160\" \/>\n\t<meta property=\"og:image:height\" content=\"1080\" \/>\n\t<meta property=\"og:image:type\" content=\"image\/jpeg\" \/>\n<meta name=\"twitter:card\" content=\"summary_large_image\" \/>\n<meta name=\"twitter:label1\" content=\"Est. reading time\" \/>\n\t<meta name=\"twitter:data1\" content=\"2 minuter\" \/>\n<script type=\"application\/ld+json\" class=\"yoast-schema-graph\">{\"@context\":\"https:\\\/\\\/schema.org\",\"@graph\":[{\"@type\":\"WebPage\",\"@id\":\"https:\\\/\\\/lorensbergs.se\\\/sustainability\\\/\",\"url\":\"https:\\\/\\\/lorensbergs.se\\\/sustainability\\\/\",\"name\":\"Sustainability - Lorensbergs\",\"isPartOf\":{\"@id\":\"http:\\\/\\\/lorensbergs.se\\\/en\\\/#website\"},\"primaryImageOfPage\":{\"@id\":\"https:\\\/\\\/lorensbergs.se\\\/sustainability\\\/#primaryimage\"},\"image\":{\"@id\":\"https:\\\/\\\/lorensbergs.se\\\/sustainability\\\/#primaryimage\"},\"thumbnailUrl\":\"https:\\\/\\\/lorensbergs.se\\\/wp-content\\\/uploads\\\/2023\\\/08\\\/lbg_web_horizontal_sustainability_v1.jpg\",\"datePublished\":\"2023-08-16T14:19:20+00:00\",\"dateModified\":\"2026-05-06T14:49:03+00:00\",\"breadcrumb\":{\"@id\":\"https:\\\/\\\/lorensbergs.se\\\/sustainability\\\/#breadcrumb\"},\"inLanguage\":\"sv-SE\",\"potentialAction\":[{\"@type\":\"ReadAction\",\"target\":[\"https:\\\/\\\/lorensbergs.se\\\/sustainability\\\/\"]}]},{\"@type\":\"ImageObject\",\"inLanguage\":\"sv-SE\",\"@id\":\"https:\\\/\\\/lorensbergs.se\\\/sustainability\\\/#primaryimage\",\"url\":\"https:\\\/\\\/lorensbergs.se\\\/wp-content\\\/uploads\\\/2023\\\/08\\\/lbg_web_horizontal_sustainability_v1.jpg\",\"contentUrl\":\"https:\\\/\\\/lorensbergs.se\\\/wp-content\\\/uploads\\\/2023\\\/08\\\/lbg_web_horizontal_sustainability_v1.jpg\",\"width\":2160,\"height\":1080},{\"@type\":\"BreadcrumbList\",\"@id\":\"https:\\\/\\\/lorensbergs.se\\\/sustainability\\\/#breadcrumb\",\"itemListElement\":[{\"@type\":\"ListItem\",\"position\":1,\"name\":\"Home\",\"item\":\"https:\\\/\\\/lorensbergs.se\\\/\"},{\"@type\":\"ListItem\",\"position\":2,\"name\":\"Sustainability\"}]},{\"@type\":\"WebSite\",\"@id\":\"http:\\\/\\\/lorensbergs.se\\\/en\\\/#website\",\"url\":\"http:\\\/\\\/lorensbergs.se\\\/en\\\/\",\"name\":\"Lorensbergs\",\"description\":\"Facilitating impact in every interaction\",\"publisher\":{\"@id\":\"http:\\\/\\\/lorensbergs.se\\\/en\\\/#organization\"},\"potentialAction\":[{\"@type\":\"SearchAction\",\"target\":{\"@type\":\"EntryPoint\",\"urlTemplate\":\"http:\\\/\\\/lorensbergs.se\\\/en\\\/?s={search_term_string}\"},\"query-input\":{\"@type\":\"PropertyValueSpecification\",\"valueRequired\":true,\"valueName\":\"search_term_string\"}}],\"inLanguage\":\"sv-SE\"},{\"@type\":\"Organization\",\"@id\":\"http:\\\/\\\/lorensbergs.se\\\/en\\\/#organization\",\"name\":\"Lorensbergs\",\"url\":\"http:\\\/\\\/lorensbergs.se\\\/en\\\/\",\"logo\":{\"@type\":\"ImageObject\",\"inLanguage\":\"sv-SE\",\"@id\":\"http:\\\/\\\/lorensbergs.se\\\/en\\\/#\\\/schema\\\/logo\\\/image\\\/\",\"url\":\"https:\\\/\\\/lorensbergs.se\\\/wp-content\\\/uploads\\\/2019\\\/10\\\/lorensbergs_brand-manual_logo.png\",\"contentUrl\":\"https:\\\/\\\/lorensbergs.se\\\/wp-content\\\/uploads\\\/2019\\\/10\\\/lorensbergs_brand-manual_logo.png\",\"width\":591,\"height\":114,\"caption\":\"Lorensbergs\"},\"image\":{\"@id\":\"http:\\\/\\\/lorensbergs.se\\\/en\\\/#\\\/schema\\\/logo\\\/image\\\/\"}}]}<\/script>\n<!-- \/ Yoast SEO plugin. -->","yoast_head_json":{"title":"Sustainability - Lorensbergs","robots":{"index":"index","follow":"follow","max-snippet":"max-snippet:-1","max-image-preview":"max-image-preview:large","max-video-preview":"max-video-preview:-1"},"canonical":"https:\/\/lorensbergs.se\/sv\/sustainability\/","og_locale":"sv_SE","og_type":"article","og_title":"Sustainability - Lorensbergs","og_description":"Our Commitment to Sustainability At Lorensbergs we want to work towards creating a better planet. Our objective is to build a sustainable frame and foundation whether we are developing our","og_url":"https:\/\/lorensbergs.se\/sv\/sustainability\/","og_site_name":"Lorensbergs","article_modified_time":"2026-05-06T14:49:03+00:00","og_image":[{"width":2160,"height":1080,"url":"https:\/\/lorensbergs.se\/wp-content\/uploads\/2023\/08\/lbg_web_horizontal_sustainability_v1.jpg","type":"image\/jpeg"}],"twitter_card":"summary_large_image","twitter_misc":{"Est. reading time":"2 minuter"},"schema":{"@context":"https:\/\/schema.org","@graph":[{"@type":"WebPage","@id":"https:\/\/lorensbergs.se\/sustainability\/","url":"https:\/\/lorensbergs.se\/sustainability\/","name":"Sustainability - Lorensbergs","isPartOf":{"@id":"http:\/\/lorensbergs.se\/en\/#website"},"primaryImageOfPage":{"@id":"https:\/\/lorensbergs.se\/sustainability\/#primaryimage"},"image":{"@id":"https:\/\/lorensbergs.se\/sustainability\/#primaryimage"},"thumbnailUrl":"https:\/\/lorensbergs.se\/wp-content\/uploads\/2023\/08\/lbg_web_horizontal_sustainability_v1.jpg","datePublished":"2023-08-16T14:19:20+00:00","dateModified":"2026-05-06T14:49:03+00:00","breadcrumb":{"@id":"https:\/\/lorensbergs.se\/sustainability\/#breadcrumb"},"inLanguage":"sv-SE","potentialAction":[{"@type":"ReadAction","target":["https:\/\/lorensbergs.se\/sustainability\/"]}]},{"@type":"ImageObject","inLanguage":"sv-SE","@id":"https:\/\/lorensbergs.se\/sustainability\/#primaryimage","url":"https:\/\/lorensbergs.se\/wp-content\/uploads\/2023\/08\/lbg_web_horizontal_sustainability_v1.jpg","contentUrl":"https:\/\/lorensbergs.se\/wp-content\/uploads\/2023\/08\/lbg_web_horizontal_sustainability_v1.jpg","width":2160,"height":1080},{"@type":"BreadcrumbList","@id":"https:\/\/lorensbergs.se\/sustainability\/#breadcrumb","itemListElement":[{"@type":"ListItem","position":1,"name":"Home","item":"https:\/\/lorensbergs.se\/"},{"@type":"ListItem","position":2,"name":"Sustainability"}]},{"@type":"WebSite","@id":"http:\/\/lorensbergs.se\/en\/#website","url":"http:\/\/lorensbergs.se\/en\/","name":"Lorensbergs","description":"Facilitating impact in every interaction","publisher":{"@id":"http:\/\/lorensbergs.se\/en\/#organization"},"potentialAction":[{"@type":"SearchAction","target":{"@type":"EntryPoint","urlTemplate":"http:\/\/lorensbergs.se\/en\/?s={search_term_string}"},"query-input":{"@type":"PropertyValueSpecification","valueRequired":true,"valueName":"search_term_string"}}],"inLanguage":"sv-SE"},{"@type":"Organization","@id":"http:\/\/lorensbergs.se\/en\/#organization","name":"Lorensbergs","url":"http:\/\/lorensbergs.se\/en\/","logo":{"@type":"ImageObject","inLanguage":"sv-SE","@id":"http:\/\/lorensbergs.se\/en\/#\/schema\/logo\/image\/","url":"https:\/\/lorensbergs.se\/wp-content\/uploads\/2019\/10\/lorensbergs_brand-manual_logo.png","contentUrl":"https:\/\/lorensbergs.se\/wp-content\/uploads\/2019\/10\/lorensbergs_brand-manual_logo.png","width":591,"height":114,"caption":"Lorensbergs"},"image":{"@id":"http:\/\/lorensbergs.se\/en\/#\/schema\/logo\/image\/"}}]}},"_links":{"self":[{"href":"https:\/\/lorensbergs.se\/sv\/wp-json\/wp\/v2\/pages\/10365","targetHints":{"allow":["GET"]}}],"collection":[{"href":"https:\/\/lorensbergs.se\/sv\/wp-json\/wp\/v2\/pages"}],"about":[{"href":"https:\/\/lorensbergs.se\/sv\/wp-json\/wp\/v2\/types\/page"}],"author":[{"embeddable":true,"href":"https:\/\/lorensbergs.se\/sv\/wp-json\/wp\/v2\/users\/9"}],"replies":[{"embeddable":true,"href":"https:\/\/lorensbergs.se\/sv\/wp-json\/wp\/v2\/comments?post=10365"}],"version-history":[{"count":72,"href":"https:\/\/lorensbergs.se\/sv\/wp-json\/wp\/v2\/pages\/10365\/revisions"}],"predecessor-version":[{"id":15526,"href":"https:\/\/lorensbergs.se\/sv\/wp-json\/wp\/v2\/pages\/10365\/revisions\/15526"}],"wp:featuredmedia":[{"embeddable":true,"href":"https:\/\/lorensbergs.se\/sv\/wp-json\/wp\/v2\/media\/10380"}],"wp:attachment":[{"href":"https:\/\/lorensbergs.se\/sv\/wp-json\/wp\/v2\/media?parent=10365"}],"wp:term":[{"taxonomy":"category","embeddable":true,"href":"https:\/\/lorensbergs.se\/sv\/wp-json\/wp\/v2\/categories?post=10365"},{"taxonomy":"post_tag","embeddable":true,"href":"https:\/\/lorensbergs.se\/sv\/wp-json\/wp\/v2\/tags?post=10365"}],"curies":[{"name":"wp","href":"https:\/\/api.w.org\/{rel}","templated":true}]}}