{"id":9218,"date":"2023-02-21T12:17:02","date_gmt":"2023-02-21T11:17:02","guid":{"rendered":"https:\/\/stage.lorensbergs.se\/?page_id=9218"},"modified":"2026-02-25T15:37:02","modified_gmt":"2026-02-25T14:37:02","slug":"interactions","status":"publish","type":"page","link":"https:\/\/lorensbergs.se\/en\/interactions\/","title":{"rendered":"Case studies"},"content":{"rendered":"\n<div class=\"wp-block-group alignfull has-white-background-color has-background is-layout-constrained wp-block-group-is-layout-constrained\">\n<div class=\"wp-block-columns cta-intro-column is-layout-flex wp-container-core-columns-is-layout-9d6595d7 wp-block-columns-is-layout-flex\">\n<div class=\"wp-block-column is-layout-flow wp-block-column-is-layout-flow\" style=\"flex-basis:50%\">\n<p>Whether it is in the hallway or on a global stage, we believe that culture curates behaviours and behaviours build cultures. That is why the heart of what we do is facilitating impact in every interaction. On this page, you will find some of our interactions, case studies and other stories.<\/p>\n<\/div>\n\n\n\n<div class=\"wp-block-column is-layout-flow wp-block-column-is-layout-flow\" style=\"flex-basis:50%\">\n<div class=\"wp-block-cover cta-image\"><span aria-hidden=\"true\" class=\"wp-block-cover__background has-background-dim-20 has-background-dim\"><\/span><img loading=\"lazy\" decoding=\"async\" width=\"2160\" height=\"1080\" class=\"wp-block-cover__image-background wp-image-14577\" alt=\"\" src=\"https:\/\/lorensbergs.se\/wp-content\/uploads\/2025\/03\/md_jerry-v9wN8wCPLHY-unsplash.png\" data-object-fit=\"cover\" srcset=\"https:\/\/lorensbergs.se\/wp-content\/uploads\/2025\/03\/md_jerry-v9wN8wCPLHY-unsplash.png 2160w, https:\/\/lorensbergs.se\/wp-content\/uploads\/2025\/03\/md_jerry-v9wN8wCPLHY-unsplash-300x150.png 300w, https:\/\/lorensbergs.se\/wp-content\/uploads\/2025\/03\/md_jerry-v9wN8wCPLHY-unsplash-1024x512.png 1024w, https:\/\/lorensbergs.se\/wp-content\/uploads\/2025\/03\/md_jerry-v9wN8wCPLHY-unsplash-768x384.png 768w, https:\/\/lorensbergs.se\/wp-content\/uploads\/2025\/03\/md_jerry-v9wN8wCPLHY-unsplash-1536x768.png 1536w, https:\/\/lorensbergs.se\/wp-content\/uploads\/2025\/03\/md_jerry-v9wN8wCPLHY-unsplash-2048x1024.png 2048w, https:\/\/lorensbergs.se\/wp-content\/uploads\/2025\/03\/md_jerry-v9wN8wCPLHY-unsplash-18x9.png 18w\" sizes=\"auto, (max-width: 2160px) 100vw, 2160px\" \/><div class=\"wp-block-cover__inner-container is-layout-flow wp-block-cover-is-layout-flow\">\n<h2 class=\"wp-block-heading has-text-align-center\"><a href=\"https:\/\/lorensbergs.se\/our-story\/\">Scaling Leadership Camps<\/a><\/h2>\n\n\n\n<p class=\"has-text-align-center\">We won gold!\u00a0 To get acknowledged with your client by an esteemed network of peers for the impact you bring to an organisation is incredibily meaningful.<\/p>\n<\/div><\/div>\n<\/div>\n<\/div>\n<\/div>\n\n\n\t<div style=\"--posts-per-row: 3;\" class=\"story grid wp-block-agoodblocks-post-grid-block\">\n\t\t<div class=\"timeline-line\"><\/div> <!-- Central timeline line -->\n\n\t\t<div class=\"post-grid-item\">\n\n\t<!-- Featured Image -->\n\t\t\t<a href=\"https:\/\/lorensbergs.se\/en\/story\/scaling-leadership-camps\/\" class=\"post-thumbnail\"\n\t\t\tstyle=\"--aspect-ratio: 16\/9;\">\n\t\t\t<img loading=\"lazy\" decoding=\"async\" width=\"640\" height=\"320\" src=\"https:\/\/lorensbergs.se\/wp-content\/uploads\/2025\/03\/md_jerry-v9wN8wCPLHY-unsplash-1024x512.png\" class=\"attachment-large size-large wp-post-image\" alt=\"\" srcset=\"https:\/\/lorensbergs.se\/wp-content\/uploads\/2025\/03\/md_jerry-v9wN8wCPLHY-unsplash-1024x512.png 1024w, https:\/\/lorensbergs.se\/wp-content\/uploads\/2025\/03\/md_jerry-v9wN8wCPLHY-unsplash-300x150.png 300w, https:\/\/lorensbergs.se\/wp-content\/uploads\/2025\/03\/md_jerry-v9wN8wCPLHY-unsplash-768x384.png 768w, https:\/\/lorensbergs.se\/wp-content\/uploads\/2025\/03\/md_jerry-v9wN8wCPLHY-unsplash-1536x768.png 1536w, https:\/\/lorensbergs.se\/wp-content\/uploads\/2025\/03\/md_jerry-v9wN8wCPLHY-unsplash-2048x1024.png 2048w, https:\/\/lorensbergs.se\/wp-content\/uploads\/2025\/03\/md_jerry-v9wN8wCPLHY-unsplash-18x9.png 18w\" sizes=\"auto, (max-width: 640px) 100vw, 640px\" \/>\t\t<\/a>\n\t\n\t<div class=\"post-grid-below-wrapper\">\n\t\t<!-- Post Title -->\n\t\t\t\t\t<h3 class=\"post-title\">\n\t\t\t\t<a href=\"https:\/\/lorensbergs.se\/en\/story\/scaling-leadership-camps\/\">Scaling Leadership Camps<\/a>\n\t\t\t<\/h3>\n\t\t\n\t\t<!-- Post Date -->\n\t\t\n\t\t<!-- Post Author -->\n\t\t\n\t\t\t\t\t<div class=\"post-excerpt\">\n\t\t\t\t\t\t\t\tWe won gold!\u00a0 To get acknowledged with your client by an esteemed network of peers for the impact you bring to an organisation is incredibily meaningful.\t\t\t<\/div>\n\t\t\t<\/div>\n\n<\/div>\t\t<div class=\"post-grid-item\">\n\n\t<!-- Featured Image -->\n\t\t\t<a href=\"https:\/\/lorensbergs.se\/en\/story\/the-stories-that-built-us\/\" class=\"post-thumbnail\"\n\t\t\tstyle=\"--aspect-ratio: 16\/9;\">\n\t\t\t<img loading=\"lazy\" decoding=\"async\" width=\"640\" height=\"320\" src=\"https:\/\/lorensbergs.se\/wp-content\/uploads\/2023\/02\/lbg_web_horizontal_interaction_the-stories-that-built-us_v3-1024x512.jpg\" class=\"attachment-large size-large wp-post-image\" alt=\"\" srcset=\"https:\/\/lorensbergs.se\/wp-content\/uploads\/2023\/02\/lbg_web_horizontal_interaction_the-stories-that-built-us_v3-1024x512.jpg 1024w, https:\/\/lorensbergs.se\/wp-content\/uploads\/2023\/02\/lbg_web_horizontal_interaction_the-stories-that-built-us_v3-300x150.jpg 300w, https:\/\/lorensbergs.se\/wp-content\/uploads\/2023\/02\/lbg_web_horizontal_interaction_the-stories-that-built-us_v3-768x384.jpg 768w, https:\/\/lorensbergs.se\/wp-content\/uploads\/2023\/02\/lbg_web_horizontal_interaction_the-stories-that-built-us_v3-1536x768.jpg 1536w, https:\/\/lorensbergs.se\/wp-content\/uploads\/2023\/02\/lbg_web_horizontal_interaction_the-stories-that-built-us_v3-2048x1024.jpg 2048w, https:\/\/lorensbergs.se\/wp-content\/uploads\/2023\/02\/lbg_web_horizontal_interaction_the-stories-that-built-us_v3-18x9.jpg 18w\" sizes=\"auto, (max-width: 640px) 100vw, 640px\" \/>\t\t<\/a>\n\t\n\t<div class=\"post-grid-below-wrapper\">\n\t\t<!-- Post Title -->\n\t\t\t\t\t<h3 class=\"post-title\">\n\t\t\t\t<a href=\"https:\/\/lorensbergs.se\/en\/story\/the-stories-that-built-us\/\">The Stories that Built Us<\/a>\n\t\t\t<\/h3>\n\t\t\n\t\t<!-- Post Date -->\n\t\t\n\t\t<!-- Post Author -->\n\t\t\n\t\t\t\t\t<div class=\"post-excerpt\">\n\t\t\t\t\t\t\t\tLorensbergs is 25 years old this year. And while it has felt harder than usual to celebrate, celebrate we shall.\t\t\t<\/div>\n\t\t\t<\/div>\n\n<\/div>\t\t<div class=\"post-grid-item\">\n\n\t<!-- Featured Image -->\n\t\t\t<a href=\"https:\/\/lorensbergs.se\/en\/story\/utveckling-av-ledarskap-och-medarbetarskap-pa-sas\/\" class=\"post-thumbnail\"\n\t\t\tstyle=\"--aspect-ratio: 16\/9;\">\n\t\t\t<img loading=\"lazy\" decoding=\"async\" width=\"640\" height=\"320\" src=\"https:\/\/lorensbergs.se\/wp-content\/uploads\/2020\/09\/kelly-sikkema-ml1IgjV8OvY-unsplash-1-1024x512.png\" class=\"attachment-large size-large wp-post-image\" alt=\"\" srcset=\"https:\/\/lorensbergs.se\/wp-content\/uploads\/2020\/09\/kelly-sikkema-ml1IgjV8OvY-unsplash-1-1024x512.png 1024w, https:\/\/lorensbergs.se\/wp-content\/uploads\/2020\/09\/kelly-sikkema-ml1IgjV8OvY-unsplash-1-300x150.png 300w, https:\/\/lorensbergs.se\/wp-content\/uploads\/2020\/09\/kelly-sikkema-ml1IgjV8OvY-unsplash-1-768x384.png 768w, https:\/\/lorensbergs.se\/wp-content\/uploads\/2020\/09\/kelly-sikkema-ml1IgjV8OvY-unsplash-1-1536x768.png 1536w, https:\/\/lorensbergs.se\/wp-content\/uploads\/2020\/09\/kelly-sikkema-ml1IgjV8OvY-unsplash-1-2048x1024.png 2048w, https:\/\/lorensbergs.se\/wp-content\/uploads\/2020\/09\/kelly-sikkema-ml1IgjV8OvY-unsplash-1-18x9.png 18w\" sizes=\"auto, (max-width: 640px) 100vw, 640px\" \/>\t\t<\/a>\n\t\n\t<div class=\"post-grid-below-wrapper\">\n\t\t<!-- Post Title -->\n\t\t\t\t\t<h3 class=\"post-title\">\n\t\t\t\t<a href=\"https:\/\/lorensbergs.se\/en\/story\/utveckling-av-ledarskap-och-medarbetarskap-pa-sas\/\">Utveckling av Ledarskap &#038; Medarbetarskap p\u00e5 S\u00c4S<\/a>\n\t\t\t<\/h3>\n\t\t\n\t\t<!-- Post Date -->\n\t\t\n\t\t<!-- Post Author -->\n\t\t\n\t\t\t\t\t<div class=\"post-excerpt\">\n\t\t\t\t\t\t\t\tS\u00c4S identifierade behovet att st\u00e4rka Ledarskapet och Medarbetarskapet i syfte att leda utveckling och f\u00f6r\u00e4ndring \u00e4nnu b\u00e4ttre och effektivare .\t\t\t<\/div>\n\t\t\t<\/div>\n\n<\/div>\t\t<div class=\"post-grid-item\">\n\n\t<!-- Featured Image -->\n\t\t\t<a href=\"https:\/\/lorensbergs.se\/en\/story\/medarbetar-grupputveckling-hos-halmstad-energi-miljo-hem\/\" class=\"post-thumbnail\"\n\t\t\tstyle=\"--aspect-ratio: 16\/9;\">\n\t\t\t<img loading=\"lazy\" decoding=\"async\" width=\"640\" height=\"320\" src=\"https:\/\/lorensbergs.se\/wp-content\/uploads\/2020\/09\/in-action-photos_landscape_8-1024x512.png\" class=\"attachment-large size-large wp-post-image\" alt=\"\" srcset=\"https:\/\/lorensbergs.se\/wp-content\/uploads\/2020\/09\/in-action-photos_landscape_8-1024x512.png 1024w, https:\/\/lorensbergs.se\/wp-content\/uploads\/2020\/09\/in-action-photos_landscape_8-300x150.png 300w, https:\/\/lorensbergs.se\/wp-content\/uploads\/2020\/09\/in-action-photos_landscape_8-768x384.png 768w, https:\/\/lorensbergs.se\/wp-content\/uploads\/2020\/09\/in-action-photos_landscape_8-1536x768.png 1536w, https:\/\/lorensbergs.se\/wp-content\/uploads\/2020\/09\/in-action-photos_landscape_8-2048x1024.png 2048w, https:\/\/lorensbergs.se\/wp-content\/uploads\/2020\/09\/in-action-photos_landscape_8-18x9.png 18w\" sizes=\"auto, (max-width: 640px) 100vw, 640px\" \/>\t\t<\/a>\n\t\n\t<div class=\"post-grid-below-wrapper\">\n\t\t<!-- Post Title -->\n\t\t\t\t\t<h3 class=\"post-title\">\n\t\t\t\t<a href=\"https:\/\/lorensbergs.se\/en\/story\/medarbetar-grupputveckling-hos-halmstad-energi-miljo-hem\/\">Utveckling hos Halmstad Energi &#038; Milj\u00f6<\/a>\n\t\t\t<\/h3>\n\t\t\n\t\t<!-- Post Date -->\n\t\t\n\t\t<!-- Post Author -->\n\t\t\n\t\t\t\t\t<div class=\"post-excerpt\">\n\t\t\t\t\t\t\t\tTillsammans, ledare och medarbetare, tillsammans i teamen och tillsammans avdelningar emellan, det \u00e4r s\u00e5 HEM kan m\u00f6ta kundernas behov.\t\t\t<\/div>\n\t\t\t<\/div>\n\n<\/div>\t\t<div class=\"post-grid-item\">\n\n\t<!-- Featured Image -->\n\t\t\t<a href=\"https:\/\/lorensbergs.se\/en\/story\/att-driva-forandring\/\" class=\"post-thumbnail\"\n\t\t\tstyle=\"--aspect-ratio: 16\/9;\">\n\t\t\t<img loading=\"lazy\" decoding=\"async\" width=\"640\" height=\"320\" src=\"https:\/\/lorensbergs.se\/wp-content\/uploads\/2023\/02\/kelly-sikkema-ml1IgjV8OvY-unsplash-1024x512.png\" class=\"attachment-large size-large wp-post-image\" alt=\"\" srcset=\"https:\/\/lorensbergs.se\/wp-content\/uploads\/2023\/02\/kelly-sikkema-ml1IgjV8OvY-unsplash-1024x512.png 1024w, https:\/\/lorensbergs.se\/wp-content\/uploads\/2023\/02\/kelly-sikkema-ml1IgjV8OvY-unsplash-300x150.png 300w, https:\/\/lorensbergs.se\/wp-content\/uploads\/2023\/02\/kelly-sikkema-ml1IgjV8OvY-unsplash-768x384.png 768w, https:\/\/lorensbergs.se\/wp-content\/uploads\/2023\/02\/kelly-sikkema-ml1IgjV8OvY-unsplash-1536x768.png 1536w, https:\/\/lorensbergs.se\/wp-content\/uploads\/2023\/02\/kelly-sikkema-ml1IgjV8OvY-unsplash-2048x1024.png 2048w, https:\/\/lorensbergs.se\/wp-content\/uploads\/2023\/02\/kelly-sikkema-ml1IgjV8OvY-unsplash-18x9.png 18w\" sizes=\"auto, (max-width: 640px) 100vw, 640px\" \/>\t\t<\/a>\n\t\n\t<div class=\"post-grid-below-wrapper\">\n\t\t<!-- Post Title -->\n\t\t\t\t\t<h3 class=\"post-title\">\n\t\t\t\t<a href=\"https:\/\/lorensbergs.se\/en\/story\/att-driva-forandring\/\">Att driva f\u00f6r\u00e4ndring<\/a>\n\t\t\t<\/h3>\n\t\t\n\t\t<!-- Post Date -->\n\t\t\n\t\t<!-- Post Author -->\n\t\t\n\t\t\t\t\t<div class=\"post-excerpt\">\n\t\t\t\t\t\t\t\tRISE ville skapa f\u00f6ruts\u00e4ttningar f\u00f6r chefer och medarbetare att k\u00e4nna sig trygga under p\u00e5g\u00e5ende f\u00f6r\u00e4ndringsprocess.\t\t\t<\/div>\n\t\t\t<\/div>\n\n<\/div>\t\t<div class=\"post-grid-item\">\n\n\t<!-- Featured Image -->\n\t\t\t<a href=\"https:\/\/lorensbergs.se\/en\/story\/halsoframjande-ledarskap-i-kungalvs-kommun\/\" class=\"post-thumbnail\"\n\t\t\tstyle=\"--aspect-ratio: 16\/9;\">\n\t\t\t<img loading=\"lazy\" decoding=\"async\" width=\"640\" height=\"320\" src=\"https:\/\/lorensbergs.se\/wp-content\/uploads\/2023\/02\/in-action-photos_landscape_6-1024x512.png\" class=\"attachment-large size-large wp-post-image\" alt=\"\" srcset=\"https:\/\/lorensbergs.se\/wp-content\/uploads\/2023\/02\/in-action-photos_landscape_6-1024x512.png 1024w, https:\/\/lorensbergs.se\/wp-content\/uploads\/2023\/02\/in-action-photos_landscape_6-300x150.png 300w, https:\/\/lorensbergs.se\/wp-content\/uploads\/2023\/02\/in-action-photos_landscape_6-768x384.png 768w, https:\/\/lorensbergs.se\/wp-content\/uploads\/2023\/02\/in-action-photos_landscape_6-1536x768.png 1536w, https:\/\/lorensbergs.se\/wp-content\/uploads\/2023\/02\/in-action-photos_landscape_6-2048x1024.png 2048w, https:\/\/lorensbergs.se\/wp-content\/uploads\/2023\/02\/in-action-photos_landscape_6-18x9.png 18w\" sizes=\"auto, (max-width: 640px) 100vw, 640px\" \/>\t\t<\/a>\n\t\n\t<div class=\"post-grid-below-wrapper\">\n\t\t<!-- Post Title -->\n\t\t\t\t\t<h3 class=\"post-title\">\n\t\t\t\t<a href=\"https:\/\/lorensbergs.se\/en\/story\/halsoframjande-ledarskap-i-kungalvs-kommun\/\">H\u00e4lsofr\u00e4mjande ledarskap i Kung\u00e4lvs kommun<\/a>\n\t\t\t<\/h3>\n\t\t\n\t\t<!-- Post Date -->\n\t\t\n\t\t<!-- Post Author -->\n\t\t\n\t\t\t\t\t<div class=\"post-excerpt\">\n\t\t\t\t\t\t\t\tUnder 18 m\u00e5nader arbetade en ledningsgrupp inom Kung\u00e4lv kommun med ledarskap och\nf\u00f6r\u00e4ndring utifr\u00e5n ett h\u00e4lsofr\u00e4mjande perspektiv.\t\t\t<\/div>\n\t\t\t<\/div>\n\n<\/div>\t\t\n\t\t\n\t<\/div>\n\n<script>\n\tjQuery(document).ready(function ($) {\n\t\tfunction updateTimelineLayout() {\n\t\t\tvar leftColumnTop = 0;\n\t\t\tvar rightColumnTop = 0;\n\t\t\tvar totalHeight = 0;  \/\/ To store the total height of all items\n\t\t\tvar gap = 30; \/\/ Gap between items\n\n\t\t\t$('.timeline-item').each(function () {\n\t\t\t\tvar $item = $(this);\n\t\t\t\tvar itemHeight = $item.outerHeight(true); \/\/ Get the height of the current timeline item\n\n\t\t\t\t\/\/ Add to the total height\n\t\t\t\ttotalHeight += itemHeight + gap; \/\/ Add gap to total height\n\n\t\t\t\t\/\/ Remove any previous left\/right column classes to avoid duplicates\n\t\t\t\t$item.removeClass('is-left is-right');\n\n\t\t\t\tif (leftColumnTop <= rightColumnTop) {\n\t\t\t\t\t\/\/ Position on the left column\n\t\t\t\t\t$item.css({\n\t\t\t\t\t\t'top': leftColumnTop + 'px',\n\t\t\t\t\t\t'left': '50%',\n\t\t\t\t\t}).addClass('is-right'); \/\/ Add left-column class\n\t\t\t\t\tleftColumnTop += itemHeight; \/\/ Update the top position for the next left item\n\t\t\t\t} else {\n\t\t\t\t\t\/\/ Position on the right column\n\t\t\t\t\t$item.css({\n\t\t\t\t\t\t'top': rightColumnTop + 'px',\n\t\t\t\t\t\t'left': '0',\n\t\t\t\t\t}).addClass('is-left'); \/\/ Add right-column class\n\t\t\t\t\trightColumnTop += itemHeight; \/\/ Update the top position for the next right item, adding gap\n\t\t\t\t}\n\t\t\t});\n\n\t\t\t\/\/ Set the height of the parent .timeline container\n\t\t\tvar maxHeight = Math.max(leftColumnTop, rightColumnTop); \/\/ Get the taller column height\n\t\t\t$('.timeline').css('height', maxHeight + 'px'); \/\/ Set the height of the timeline container\n\t\t\t$('.timeline').css('opacity', 1);\n\t\t}\n\n\t\t\/\/ Run the function on page load and window resize\n\t\tupdateTimelineLayout(); \/\/ Initial run\n\t\t$(window).on('resize load', function () {\n\t\t\tupdateTimelineLayout(); \/\/ Re-run on window resize\n\t\t});\n\t\t$(document).on('load', 'img[data-lazyloaded=\"1\"]', function () {\n\t\t\tupdateTimelineLayout(); \/\/ Recalculate the layout once image is loaded\n\t\t});\n\t});\n<\/script>","protected":false},"excerpt":{"rendered":"<p>Whether it is in the hallway or on a global stage, we believe that culture curates behaviours and behaviours build cultures. That is why the heart of what we do<\/p>\n","protected":false},"author":9,"featured_media":9202,"parent":0,"menu_order":5,"comment_status":"closed","ping_status":"closed","template":"","meta":{"transparent_header":false,"hide_title":true,"hide_footer_padding":false,"hide_footer_1":false,"hide_footer_2":false,"hide_footer_3":false,"hide_thumbnail":false,"nav_color":false,"container_class":"max-w-lg","background_color":"","page_theme_color":"","event-shortcode":"","language":"","custom_header_text":[],"footnotes":""},"categories":[],"tags":[],"class_list":["post-9218","page","type-page","status-publish","has-post-thumbnail","hentry"],"yoast_head":"<!-- This site is optimized with the Yoast SEO plugin v27.6 - https:\/\/yoast.com\/product\/yoast-seo-wordpress\/ -->\n<title>Case studies - Lorensbergs<\/title>\n<meta name=\"robots\" content=\"index, follow, max-snippet:-1, max-image-preview:large, max-video-preview:-1\" \/>\n<link rel=\"canonical\" href=\"https:\/\/lorensbergs.se\/en\/interactions\/\" \/>\n<meta property=\"og:locale\" content=\"en_GB\" \/>\n<meta property=\"og:type\" content=\"article\" \/>\n<meta property=\"og:title\" content=\"Case studies - Lorensbergs\" \/>\n<meta property=\"og:description\" content=\"Whether it is in the hallway or on a global stage, we believe that culture curates behaviours and behaviours build cultures. That is why the heart of what we do\" \/>\n<meta property=\"og:url\" content=\"https:\/\/lorensbergs.se\/en\/interactions\/\" \/>\n<meta property=\"og:site_name\" content=\"Lorensbergs\" \/>\n<meta property=\"article:modified_time\" content=\"2026-02-25T14:37:02+00:00\" \/>\n<meta property=\"og:image\" content=\"https:\/\/lorensbergs.se\/wp-content\/uploads\/2023\/02\/lbg_web_horizontal_interactions_v1.jpg\" \/>\n\t<meta property=\"og:image:width\" content=\"2160\" \/>\n\t<meta property=\"og:image:height\" content=\"1080\" \/>\n\t<meta property=\"og:image:type\" content=\"image\/jpeg\" \/>\n<meta name=\"twitter:card\" content=\"summary_large_image\" \/>\n<meta name=\"twitter:label1\" content=\"Est. reading time\" \/>\n\t<meta name=\"twitter:data1\" content=\"1 minute\" \/>\n<script type=\"application\/ld+json\" class=\"yoast-schema-graph\">{\"@context\":\"https:\\\/\\\/schema.org\",\"@graph\":[{\"@type\":\"WebPage\",\"@id\":\"https:\\\/\\\/lorensbergs.se\\\/interactions\\\/\",\"url\":\"https:\\\/\\\/lorensbergs.se\\\/interactions\\\/\",\"name\":\"Case studies - Lorensbergs\",\"isPartOf\":{\"@id\":\"http:\\\/\\\/lorensbergs.se\\\/en\\\/#website\"},\"primaryImageOfPage\":{\"@id\":\"https:\\\/\\\/lorensbergs.se\\\/interactions\\\/#primaryimage\"},\"image\":{\"@id\":\"https:\\\/\\\/lorensbergs.se\\\/interactions\\\/#primaryimage\"},\"thumbnailUrl\":\"https:\\\/\\\/lorensbergs.se\\\/wp-content\\\/uploads\\\/2023\\\/02\\\/lbg_web_horizontal_interactions_v1.jpg\",\"datePublished\":\"2023-02-21T11:17:02+00:00\",\"dateModified\":\"2026-02-25T14:37:02+00:00\",\"breadcrumb\":{\"@id\":\"https:\\\/\\\/lorensbergs.se\\\/interactions\\\/#breadcrumb\"},\"inLanguage\":\"en-GB\",\"potentialAction\":[{\"@type\":\"ReadAction\",\"target\":[\"https:\\\/\\\/lorensbergs.se\\\/interactions\\\/\"]}]},{\"@type\":\"ImageObject\",\"inLanguage\":\"en-GB\",\"@id\":\"https:\\\/\\\/lorensbergs.se\\\/interactions\\\/#primaryimage\",\"url\":\"https:\\\/\\\/lorensbergs.se\\\/wp-content\\\/uploads\\\/2023\\\/02\\\/lbg_web_horizontal_interactions_v1.jpg\",\"contentUrl\":\"https:\\\/\\\/lorensbergs.se\\\/wp-content\\\/uploads\\\/2023\\\/02\\\/lbg_web_horizontal_interactions_v1.jpg\",\"width\":2160,\"height\":1080},{\"@type\":\"BreadcrumbList\",\"@id\":\"https:\\\/\\\/lorensbergs.se\\\/interactions\\\/#breadcrumb\",\"itemListElement\":[{\"@type\":\"ListItem\",\"position\":1,\"name\":\"Home\",\"item\":\"https:\\\/\\\/lorensbergs.se\\\/\"},{\"@type\":\"ListItem\",\"position\":2,\"name\":\"Case studies\"}]},{\"@type\":\"WebSite\",\"@id\":\"http:\\\/\\\/lorensbergs.se\\\/en\\\/#website\",\"url\":\"http:\\\/\\\/lorensbergs.se\\\/en\\\/\",\"name\":\"Lorensbergs\",\"description\":\"Facilitating impact in every interaction\",\"publisher\":{\"@id\":\"http:\\\/\\\/lorensbergs.se\\\/en\\\/#organization\"},\"potentialAction\":[{\"@type\":\"SearchAction\",\"target\":{\"@type\":\"EntryPoint\",\"urlTemplate\":\"http:\\\/\\\/lorensbergs.se\\\/en\\\/?s={search_term_string}\"},\"query-input\":{\"@type\":\"PropertyValueSpecification\",\"valueRequired\":true,\"valueName\":\"search_term_string\"}}],\"inLanguage\":\"en-GB\"},{\"@type\":\"Organization\",\"@id\":\"http:\\\/\\\/lorensbergs.se\\\/en\\\/#organization\",\"name\":\"Lorensbergs\",\"url\":\"http:\\\/\\\/lorensbergs.se\\\/en\\\/\",\"logo\":{\"@type\":\"ImageObject\",\"inLanguage\":\"en-GB\",\"@id\":\"http:\\\/\\\/lorensbergs.se\\\/en\\\/#\\\/schema\\\/logo\\\/image\\\/\",\"url\":\"https:\\\/\\\/lorensbergs.se\\\/wp-content\\\/uploads\\\/2019\\\/10\\\/lorensbergs_brand-manual_logo.png\",\"contentUrl\":\"https:\\\/\\\/lorensbergs.se\\\/wp-content\\\/uploads\\\/2019\\\/10\\\/lorensbergs_brand-manual_logo.png\",\"width\":591,\"height\":114,\"caption\":\"Lorensbergs\"},\"image\":{\"@id\":\"http:\\\/\\\/lorensbergs.se\\\/en\\\/#\\\/schema\\\/logo\\\/image\\\/\"}}]}<\/script>\n<!-- \/ Yoast SEO plugin. -->","yoast_head_json":{"title":"Case studies - Lorensbergs","robots":{"index":"index","follow":"follow","max-snippet":"max-snippet:-1","max-image-preview":"max-image-preview:large","max-video-preview":"max-video-preview:-1"},"canonical":"https:\/\/lorensbergs.se\/en\/interactions\/","og_locale":"en_GB","og_type":"article","og_title":"Case studies - Lorensbergs","og_description":"Whether it is in the hallway or on a global stage, we believe that culture curates behaviours and behaviours build cultures. That is why the heart of what we do","og_url":"https:\/\/lorensbergs.se\/en\/interactions\/","og_site_name":"Lorensbergs","article_modified_time":"2026-02-25T14:37:02+00:00","og_image":[{"width":2160,"height":1080,"url":"https:\/\/lorensbergs.se\/wp-content\/uploads\/2023\/02\/lbg_web_horizontal_interactions_v1.jpg","type":"image\/jpeg"}],"twitter_card":"summary_large_image","twitter_misc":{"Est. reading time":"1 minute"},"schema":{"@context":"https:\/\/schema.org","@graph":[{"@type":"WebPage","@id":"https:\/\/lorensbergs.se\/interactions\/","url":"https:\/\/lorensbergs.se\/interactions\/","name":"Case studies - Lorensbergs","isPartOf":{"@id":"http:\/\/lorensbergs.se\/en\/#website"},"primaryImageOfPage":{"@id":"https:\/\/lorensbergs.se\/interactions\/#primaryimage"},"image":{"@id":"https:\/\/lorensbergs.se\/interactions\/#primaryimage"},"thumbnailUrl":"https:\/\/lorensbergs.se\/wp-content\/uploads\/2023\/02\/lbg_web_horizontal_interactions_v1.jpg","datePublished":"2023-02-21T11:17:02+00:00","dateModified":"2026-02-25T14:37:02+00:00","breadcrumb":{"@id":"https:\/\/lorensbergs.se\/interactions\/#breadcrumb"},"inLanguage":"en-GB","potentialAction":[{"@type":"ReadAction","target":["https:\/\/lorensbergs.se\/interactions\/"]}]},{"@type":"ImageObject","inLanguage":"en-GB","@id":"https:\/\/lorensbergs.se\/interactions\/#primaryimage","url":"https:\/\/lorensbergs.se\/wp-content\/uploads\/2023\/02\/lbg_web_horizontal_interactions_v1.jpg","contentUrl":"https:\/\/lorensbergs.se\/wp-content\/uploads\/2023\/02\/lbg_web_horizontal_interactions_v1.jpg","width":2160,"height":1080},{"@type":"BreadcrumbList","@id":"https:\/\/lorensbergs.se\/interactions\/#breadcrumb","itemListElement":[{"@type":"ListItem","position":1,"name":"Home","item":"https:\/\/lorensbergs.se\/"},{"@type":"ListItem","position":2,"name":"Case studies"}]},{"@type":"WebSite","@id":"http:\/\/lorensbergs.se\/en\/#website","url":"http:\/\/lorensbergs.se\/en\/","name":"Lorensbergs","description":"Facilitating impact in every interaction","publisher":{"@id":"http:\/\/lorensbergs.se\/en\/#organization"},"potentialAction":[{"@type":"SearchAction","target":{"@type":"EntryPoint","urlTemplate":"http:\/\/lorensbergs.se\/en\/?s={search_term_string}"},"query-input":{"@type":"PropertyValueSpecification","valueRequired":true,"valueName":"search_term_string"}}],"inLanguage":"en-GB"},{"@type":"Organization","@id":"http:\/\/lorensbergs.se\/en\/#organization","name":"Lorensbergs","url":"http:\/\/lorensbergs.se\/en\/","logo":{"@type":"ImageObject","inLanguage":"en-GB","@id":"http:\/\/lorensbergs.se\/en\/#\/schema\/logo\/image\/","url":"https:\/\/lorensbergs.se\/wp-content\/uploads\/2019\/10\/lorensbergs_brand-manual_logo.png","contentUrl":"https:\/\/lorensbergs.se\/wp-content\/uploads\/2019\/10\/lorensbergs_brand-manual_logo.png","width":591,"height":114,"caption":"Lorensbergs"},"image":{"@id":"http:\/\/lorensbergs.se\/en\/#\/schema\/logo\/image\/"}}]}},"_links":{"self":[{"href":"https:\/\/lorensbergs.se\/en\/wp-json\/wp\/v2\/pages\/9218","targetHints":{"allow":["GET"]}}],"collection":[{"href":"https:\/\/lorensbergs.se\/en\/wp-json\/wp\/v2\/pages"}],"about":[{"href":"https:\/\/lorensbergs.se\/en\/wp-json\/wp\/v2\/types\/page"}],"author":[{"embeddable":true,"href":"https:\/\/lorensbergs.se\/en\/wp-json\/wp\/v2\/users\/9"}],"replies":[{"embeddable":true,"href":"https:\/\/lorensbergs.se\/en\/wp-json\/wp\/v2\/comments?post=9218"}],"version-history":[{"count":142,"href":"https:\/\/lorensbergs.se\/en\/wp-json\/wp\/v2\/pages\/9218\/revisions"}],"predecessor-version":[{"id":15363,"href":"https:\/\/lorensbergs.se\/en\/wp-json\/wp\/v2\/pages\/9218\/revisions\/15363"}],"wp:featuredmedia":[{"embeddable":true,"href":"https:\/\/lorensbergs.se\/en\/wp-json\/wp\/v2\/media\/9202"}],"wp:attachment":[{"href":"https:\/\/lorensbergs.se\/en\/wp-json\/wp\/v2\/media?parent=9218"}],"wp:term":[{"taxonomy":"category","embeddable":true,"href":"https:\/\/lorensbergs.se\/en\/wp-json\/wp\/v2\/categories?post=9218"},{"taxonomy":"post_tag","embeddable":true,"href":"https:\/\/lorensbergs.se\/en\/wp-json\/wp\/v2\/tags?post=9218"}],"curies":[{"name":"wp","href":"https:\/\/api.w.org\/{rel}","templated":true}]}}